{"id":5091,"date":"2023-12-11T18:12:33","date_gmt":"2023-12-11T17:12:33","guid":{"rendered":"https:\/\/staging.dalcin.com\/certificaciones\/"},"modified":"2026-03-15T23:00:24","modified_gmt":"2026-03-15T22:00:24","slug":"certificaciones","status":"publish","type":"page","link":"https:\/\/dalcin.com\/es\/certificaciones\/","title":{"rendered":"Certificaciones"},"content":{"rendered":"\t\t<div data-elementor-type=\"wp-page\" data-elementor-id=\"5091\" class=\"elementor elementor-5091 elementor-2260\" data-elementor-post-type=\"page\">\n\t\t\t\t\t\t<section class=\"elementor-section elementor-top-section elementor-element elementor-element-6a44f23 elementor-section-boxed elementor-section-height-default elementor-section-height-default\" data-id=\"6a44f23\" data-element_type=\"section\" data-e-type=\"section\">\n\t\t\t\t\t\t<div class=\"elementor-container elementor-column-gap-default\">\n\t\t\t\t\t<div class=\"elementor-column elementor-col-100 elementor-top-column elementor-element elementor-element-1651e6a\" data-id=\"1651e6a\" data-element_type=\"column\" data-e-type=\"column\">\n\t\t\t<div class=\"elementor-widget-wrap elementor-element-populated\">\n\t\t\t\t\t\t<div class=\"elementor-element elementor-element-1c2fbf2 elementor-widget elementor-widget-heading\" data-id=\"1c2fbf2\" data-element_type=\"widget\" data-e-type=\"widget\" data-widget_type=\"heading.default\">\n\t\t\t\t<div class=\"elementor-widget-container\">\n\t\t\t\t\t<h2 class=\"elementor-heading-title elementor-size-default\">CERTIFICACIONES<\/h2>\t\t\t\t<\/div>\n\t\t\t\t<\/div>\n\t\t\t\t<div class=\"elementor-element elementor-element-ca3b4b7 elementor-widget elementor-widget-text-editor\" data-id=\"ca3b4b7\" data-element_type=\"widget\" data-e-type=\"widget\" data-widget_type=\"text-editor.default\">\n\t\t\t\t<div class=\"elementor-widget-container\">\n\t\t\t\t\t\t\t\t\t<p>Dal Cin s.p.a. certific\u00f3 los siguientes aspectos:<\/p><ul><li>sistema de gesti\u00f3n de la calidad seg\u00fan <span style=\"text-decoration: underline;\"><strong><a href=\"https:\/\/dalcin.com\/wp-content\/uploads\/2026\/03\/DAL-CIN-ISO9001-2015-26-29-Certiquality.pdf\" target=\"_blank\" rel=\"noopener\">ISO 9001:2015<\/a><\/strong><\/span><\/li><li>Sistema de gesti\u00f3n de la seguridad alimentaria seg\u00fan la norma <strong><a href=\"https:\/\/dalcin.com\/wp-content\/uploads\/2024\/02\/FSSC2200.pdf\" target=\"_blank\" rel=\"noopener\"><span style=\"text-decoration: underline;\">FSSC22000<\/span><\/a><\/strong><\/li><li><a href=\"https:\/\/dalcin.com\/wp-content\/uploads\/2024\/06\/KosherCertificate_DALCIN_2024.pdf\"><strong><span style=\"text-decoration: underline;\">Certificaci\u00f3n Kosher<\/span><\/strong><\/a><\/li><li>coadyuvantes para la producci\u00f3n de vino ecol\u00f3gico seg\u00fan la <span style=\"text-decoration: underline;\"><strong><a href=\"https:\/\/dalcin.com\/wp-content\/uploads\/2024\/02\/certificato-biologico.pdf\" target=\"_blank\" rel=\"noopener\">Reg. CE 834\/07<\/a><\/strong><\/span><\/li><\/ul>\t\t\t\t\t\t\t\t<\/div>\n\t\t\t\t<\/div>\n\t\t\t\t<div class=\"elementor-element elementor-element-153c1b0 elementor-widget-divider--view-line elementor-widget elementor-widget-divider\" data-id=\"153c1b0\" data-element_type=\"widget\" data-e-type=\"widget\" data-widget_type=\"divider.default\">\n\t\t\t\t<div class=\"elementor-widget-container\">\n\t\t\t\t\t\t\t<div class=\"elementor-divider\">\n\t\t\t<span class=\"elementor-divider-separator\">\n\t\t\t\t\t\t<\/span>\n\t\t<\/div>\n\t\t\t\t\t\t<\/div>\n\t\t\t\t<\/div>\n\t\t\t\t\t<\/div>\n\t\t<\/div>\n\t\t\t\t\t<\/div>\n\t\t<\/section>\n\t\t\t\t<section class=\"elementor-section elementor-top-section elementor-element elementor-element-4439dc6 elementor-section-boxed elementor-section-height-default elementor-section-height-default\" data-id=\"4439dc6\" data-element_type=\"section\" data-e-type=\"section\">\n\t\t\t\t\t\t<div class=\"elementor-container elementor-column-gap-default\">\n\t\t\t\t\t<div class=\"elementor-column elementor-col-100 elementor-top-column elementor-element elementor-element-f2645ae\" data-id=\"f2645ae\" data-element_type=\"column\" data-e-type=\"column\">\n\t\t\t<div class=\"elementor-widget-wrap elementor-element-populated\">\n\t\t\t\t\t\t<div class=\"elementor-element elementor-element-06e41f6 elementor-widget elementor-widget-heading\" data-id=\"06e41f6\" data-element_type=\"widget\" data-e-type=\"widget\" data-widget_type=\"heading.default\">\n\t\t\t\t<div class=\"elementor-widget-container\">\n\t\t\t\t\t<h2 class=\"elementor-heading-title elementor-size-default\">DECLARACIONES<\/h2>\t\t\t\t<\/div>\n\t\t\t\t<\/div>\n\t\t\t\t<div class=\"elementor-element elementor-element-a31c94a elementor-widget elementor-widget-text-editor\" data-id=\"a31c94a\" data-element_type=\"widget\" data-e-type=\"widget\" data-widget_type=\"text-editor.default\">\n\t\t\t\t<div class=\"elementor-widget-container\">\n\t\t\t\t\t\t\t\t\t<ul><li><a href=\"https:\/\/dalcin.com\/wp-content\/uploads\/2024\/06\/allergeni_2024_ESP.pdf\" target=\"_blank\" rel=\"noopener\">Al\u00e9rgenos<\/a><\/li><li><a href=\"https:\/\/dalcin.com\/wp-content\/uploads\/2024\/06\/OGM-dich-2024_ESP.pdf\" target=\"_blank\" rel=\"noopener\">OMG<\/a><\/li><li><a href=\"https:\/\/dalcin.com\/wp-content\/uploads\/2024\/06\/conformita-totale-Dal-Cin-2024_ESP.pdf\" target=\"_blank\" rel=\"noopener\">Conformidad de los productos para uso enol\u00f3gico<\/a><\/li><\/ul>\t\t\t\t\t\t\t\t<\/div>\n\t\t\t\t<\/div>\n\t\t\t\t<div class=\"elementor-element elementor-element-f4aea4a elementor-widget-divider--view-line elementor-widget elementor-widget-divider\" data-id=\"f4aea4a\" data-element_type=\"widget\" data-e-type=\"widget\" data-widget_type=\"divider.default\">\n\t\t\t\t<div class=\"elementor-widget-container\">\n\t\t\t\t\t\t\t<div class=\"elementor-divider\">\n\t\t\t<span class=\"elementor-divider-separator\">\n\t\t\t\t\t\t<\/span>\n\t\t<\/div>\n\t\t\t\t\t\t<\/div>\n\t\t\t\t<\/div>\n\t\t\t\t\t<\/div>\n\t\t<\/div>\n\t\t\t\t\t<\/div>\n\t\t<\/section>\n\t\t\t\t<section class=\"elementor-section elementor-top-section elementor-element elementor-element-ad57a91 elementor-section-boxed elementor-section-height-default elementor-section-height-default\" data-id=\"ad57a91\" data-element_type=\"section\" data-e-type=\"section\">\n\t\t\t\t\t\t<div class=\"elementor-container elementor-column-gap-default\">\n\t\t\t\t\t<div class=\"elementor-column elementor-col-100 elementor-top-column elementor-element elementor-element-12009e5\" data-id=\"12009e5\" data-element_type=\"column\" data-e-type=\"column\">\n\t\t\t<div class=\"elementor-widget-wrap elementor-element-populated\">\n\t\t\t\t\t\t<div class=\"elementor-element elementor-element-ce1554e elementor-widget elementor-widget-heading\" data-id=\"ce1554e\" data-element_type=\"widget\" data-e-type=\"widget\" data-widget_type=\"heading.default\">\n\t\t\t\t<div class=\"elementor-widget-container\">\n\t\t\t\t\t<h2 class=\"elementor-heading-title elementor-size-default\">Asociaciones<\/h2>\t\t\t\t<\/div>\n\t\t\t\t<\/div>\n\t\t\t\t<div class=\"elementor-element elementor-element-8f8dca5 elementor-position-left elementor-vertical-align-middle elementor-widget elementor-widget-image-box\" data-id=\"8f8dca5\" data-element_type=\"widget\" data-e-type=\"widget\" data-widget_type=\"image-box.default\">\n\t\t\t\t<div class=\"elementor-widget-container\">\n\t\t\t\t\t<div class=\"elementor-image-box-wrapper\"><figure class=\"elementor-image-box-img\"><a href=\"https:\/\/www.unioneitalianavini.it\/anformape\/\" target=\"_blank\" tabindex=\"-1\"><img decoding=\"async\" width=\"50\" height=\"39\" src=\"https:\/\/dalcin.com\/wp-content\/uploads\/2023\/12\/logo_anformape.png\" class=\"attachment-full size-full wp-image-5092\" alt=\"\" srcset=\"https:\/\/dalcin.com\/wp-content\/uploads\/2023\/12\/logo_anformape.png 50w, https:\/\/dalcin.com\/wp-content\/uploads\/2023\/12\/logo_anformape-15x12.png 15w\" sizes=\"(max-width: 50px) 100vw, 50px\" \/><\/a><\/figure><div class=\"elementor-image-box-content\"><h3 class=\"elementor-image-box-title\"><a href=\"https:\/\/www.unioneitalianavini.it\/anformape\/\" target=\"_blank\">Asociaci\u00f3n Nacional de Proveedores de Maquinaria, Accesorios y Productos para Enolog\u00eda - UIV<\/a><\/h3><\/div><\/div>\t\t\t\t<\/div>\n\t\t\t\t<\/div>\n\t\t\t\t<div class=\"elementor-element elementor-element-87df36b elementor-position-left elementor-vertical-align-middle elementor-widget elementor-widget-image-box\" data-id=\"87df36b\" data-element_type=\"widget\" data-e-type=\"widget\" data-widget_type=\"image-box.default\">\n\t\t\t\t<div class=\"elementor-widget-container\">\n\t\t\t\t\t<div class=\"elementor-image-box-wrapper\"><figure class=\"elementor-image-box-img\"><a href=\"https:\/\/www.oenoppia.com\/\" target=\"_blank\" tabindex=\"-1\"><img decoding=\"async\" width=\"78\" height=\"21\" src=\"https:\/\/dalcin.com\/wp-content\/uploads\/2023\/12\/logo_oenoppia2.jpg\" class=\"attachment-full size-full wp-image-5093\" alt=\"\" srcset=\"https:\/\/dalcin.com\/wp-content\/uploads\/2023\/12\/logo_oenoppia2.jpg 78w, https:\/\/dalcin.com\/wp-content\/uploads\/2023\/12\/logo_oenoppia2-18x5.jpg 18w\" sizes=\"(max-width: 78px) 100vw, 78px\" \/><\/a><\/figure><div class=\"elementor-image-box-content\"><h3 class=\"elementor-image-box-title\"><a href=\"https:\/\/www.oenoppia.com\/\" target=\"_blank\">Productos y pr\u00e1cticas enol\u00f3gicos europeos<\/a><\/h3><\/div><\/div>\t\t\t\t<\/div>\n\t\t\t\t<\/div>\n\t\t\t\t<div class=\"elementor-element elementor-element-08ede6c elementor-position-left elementor-vertical-align-middle elementor-widget elementor-widget-image-box\" data-id=\"08ede6c\" data-element_type=\"widget\" data-e-type=\"widget\" data-widget_type=\"image-box.default\">\n\t\t\t\t<div class=\"elementor-widget-container\">\n\t\t\t\t\t<div class=\"elementor-image-box-wrapper\"><figure class=\"elementor-image-box-img\"><a href=\"https:\/\/www.assolombarda.it\/\" target=\"_blank\" tabindex=\"-1\"><img decoding=\"async\" width=\"60\" height=\"35\" src=\"https:\/\/dalcin.com\/wp-content\/uploads\/2023\/12\/logo-assolombarda.jpg\" class=\"attachment-full size-full wp-image-5094\" alt=\"\" srcset=\"https:\/\/dalcin.com\/wp-content\/uploads\/2023\/12\/logo-assolombarda.jpg 60w, https:\/\/dalcin.com\/wp-content\/uploads\/2023\/12\/logo-assolombarda-18x12.jpg 18w\" sizes=\"(max-width: 60px) 100vw, 60px\" \/><\/a><\/figure><div class=\"elementor-image-box-content\"><h3 class=\"elementor-image-box-title\"><a href=\"https:\/\/www.assolombarda.it\/\" target=\"_blank\"> Assolombarda\/Confindustria<\/a><\/h3><\/div><\/div>\t\t\t\t<\/div>\n\t\t\t\t<\/div>\n\t\t\t\t<div class=\"elementor-element elementor-element-b3117fc elementor-widget-divider--view-line elementor-widget elementor-widget-divider\" data-id=\"b3117fc\" data-element_type=\"widget\" data-e-type=\"widget\" data-widget_type=\"divider.default\">\n\t\t\t\t<div class=\"elementor-widget-container\">\n\t\t\t\t\t\t\t<div class=\"elementor-divider\">\n\t\t\t<span class=\"elementor-divider-separator\">\n\t\t\t\t\t\t<\/span>\n\t\t<\/div>\n\t\t\t\t\t\t<\/div>\n\t\t\t\t<\/div>\n\t\t\t\t\t<\/div>\n\t\t<\/div>\n\t\t\t\t\t<\/div>\n\t\t<\/section>\n\t\t\t\t<section class=\"elementor-section elementor-top-section elementor-element elementor-element-86468a4 elementor-section-boxed elementor-section-height-default elementor-section-height-default\" data-id=\"86468a4\" data-element_type=\"section\" data-e-type=\"section\">\n\t\t\t\t\t\t<div class=\"elementor-container elementor-column-gap-default\">\n\t\t\t\t\t<div class=\"elementor-column elementor-col-100 elementor-top-column elementor-element elementor-element-decea16\" data-id=\"decea16\" data-element_type=\"column\" data-e-type=\"column\">\n\t\t\t<div class=\"elementor-widget-wrap elementor-element-populated\">\n\t\t\t\t\t\t<div class=\"elementor-element elementor-element-624c107 elementor-widget elementor-widget-heading\" data-id=\"624c107\" data-element_type=\"widget\" data-e-type=\"widget\" data-widget_type=\"heading.default\">\n\t\t\t\t<div class=\"elementor-widget-container\">\n\t\t\t\t\t<h2 class=\"elementor-heading-title elementor-size-default\">AFILIACI\u00d3N<\/h2>\t\t\t\t<\/div>\n\t\t\t\t<\/div>\n\t\t\t\t<div class=\"elementor-element elementor-element-c8668f3 elementor-position-left elementor-vertical-align-middle elementor-widget elementor-widget-image-box\" data-id=\"c8668f3\" data-element_type=\"widget\" data-e-type=\"widget\" data-widget_type=\"image-box.default\">\n\t\t\t\t<div class=\"elementor-widget-container\">\n\t\t\t\t\t<div class=\"elementor-image-box-wrapper\"><figure class=\"elementor-image-box-img\"><a href=\"https:\/\/www.confindustria.it\/Conf2004\/DbDoc2004.nsf\/0\/D9924E0FD5A8F942C1257998005B03F1\" target=\"_blank\" tabindex=\"-1\"><img loading=\"lazy\" decoding=\"async\" width=\"90\" height=\"69\" src=\"https:\/\/dalcin.com\/wp-content\/uploads\/2023\/12\/logo_confindustria.jpg\" class=\"attachment-full size-full wp-image-5095\" alt=\"\" srcset=\"https:\/\/dalcin.com\/wp-content\/uploads\/2023\/12\/logo_confindustria.jpg 90w, https:\/\/dalcin.com\/wp-content\/uploads\/2023\/12\/logo_confindustria-16x12.jpg 16w\" sizes=\"(max-width: 90px) 100vw, 90px\" \/><\/a><\/figure><div class=\"elementor-image-box-content\"><h3 class=\"elementor-image-box-title\"><a href=\"https:\/\/www.confindustria.it\/Conf2004\/DbDoc2004.nsf\/0\/D9924E0FD5A8F942C1257998005B03F1\" target=\"_blank\">Carta de Principios para la Sostenibilidad Medioambiental<\/a><\/h3><\/div><\/div>\t\t\t\t<\/div>\n\t\t\t\t<\/div>\n\t\t\t\t<div class=\"elementor-element elementor-element-978ed2c elementor-widget-divider--view-line elementor-widget elementor-widget-divider\" data-id=\"978ed2c\" data-element_type=\"widget\" data-e-type=\"widget\" data-widget_type=\"divider.default\">\n\t\t\t\t<div class=\"elementor-widget-container\">\n\t\t\t\t\t\t\t<div class=\"elementor-divider\">\n\t\t\t<span class=\"elementor-divider-separator\">\n\t\t\t\t\t\t<\/span>\n\t\t<\/div>\n\t\t\t\t\t\t<\/div>\n\t\t\t\t<\/div>\n\t\t\t\t\t<\/div>\n\t\t<\/div>\n\t\t\t\t\t<\/div>\n\t\t<\/section>\n\t\t\t\t<\/div>\n\t\t","protected":false},"excerpt":{"rendered":"<p>CERTIFICACIONES Dal Cin s.p.a. certific\u00f3 los siguientes aspectos: sistema de gesti\u00f3n de la calidad seg\u00fan ISO 9001:2015 Sistema de gesti\u00f3n de la seguridad alimentaria seg\u00fan la norma FSSC22000 Certificaci\u00f3n Kosher coadyuvantes para la producci\u00f3n de vino ecol\u00f3gico seg\u00fan la Reg. CE 834\/07 DECLARACIONES Al\u00e9rgenos OMG Conformidad de los productos para uso enol\u00f3gico Asociaciones Asociaci\u00f3n Nacional [&hellip;]<\/p>\n","protected":false},"author":1,"featured_media":0,"parent":0,"menu_order":0,"comment_status":"closed","ping_status":"closed","template":"","meta":{"_acf_changed":false,"_seopress_robots_primary_cat":"","_seopress_titles_title":"Le Nostre Certificazioni di Qualit\u00e0 %%sep%% %%sitetitle%%","_seopress_titles_desc":"Certificazioni che attestano il nostro impegno per qualit\u00e0, sicurezza e sostenibilit\u00e0 nei settori enologico e industriale.","_seopress_robots_index":"","footnotes":""},"class_list":["post-5091","page","type-page","status-publish","hentry"],"acf":[],"_links":{"self":[{"href":"https:\/\/dalcin.com\/es\/wp-json\/wp\/v2\/pages\/5091","targetHints":{"allow":["GET"]}}],"collection":[{"href":"https:\/\/dalcin.com\/es\/wp-json\/wp\/v2\/pages"}],"about":[{"href":"https:\/\/dalcin.com\/es\/wp-json\/wp\/v2\/types\/page"}],"author":[{"embeddable":true,"href":"https:\/\/dalcin.com\/es\/wp-json\/wp\/v2\/users\/1"}],"replies":[{"embeddable":true,"href":"https:\/\/dalcin.com\/es\/wp-json\/wp\/v2\/comments?post=5091"}],"version-history":[{"count":4,"href":"https:\/\/dalcin.com\/es\/wp-json\/wp\/v2\/pages\/5091\/revisions"}],"predecessor-version":[{"id":30614,"href":"https:\/\/dalcin.com\/es\/wp-json\/wp\/v2\/pages\/5091\/revisions\/30614"}],"wp:attachment":[{"href":"https:\/\/dalcin.com\/es\/wp-json\/wp\/v2\/media?parent=5091"}],"curies":[{"name":"wp","href":"https:\/\/api.w.org\/{rel}","templated":true}]}}