{"id":5100,"date":"2024-02-12T16:17:28","date_gmt":"2024-02-12T15:17:28","guid":{"rendered":"https:\/\/staging.dalcin.com\/codigo-etico\/"},"modified":"2024-04-26T18:45:06","modified_gmt":"2024-04-26T16:45:06","slug":"codigo-etico","status":"publish","type":"page","link":"https:\/\/dalcin.com\/es\/codigo-etico\/","title":{"rendered":"C\u00f3digo \u00e9tico"},"content":{"rendered":"\t\t<div data-elementor-type=\"wp-page\" data-elementor-id=\"5100\" class=\"elementor elementor-5100 elementor-4059\" data-elementor-post-type=\"page\">\n\t\t\t\t\t\t<section class=\"elementor-section elementor-top-section elementor-element elementor-element-c44141c elementor-section-boxed elementor-section-height-default elementor-section-height-default\" data-id=\"c44141c\" data-element_type=\"section\" data-e-type=\"section\">\n\t\t\t\t\t\t<div class=\"elementor-container elementor-column-gap-default\">\n\t\t\t\t\t<div class=\"elementor-column elementor-col-100 elementor-top-column elementor-element elementor-element-e289024\" data-id=\"e289024\" data-element_type=\"column\" data-e-type=\"column\">\n\t\t\t<div class=\"elementor-widget-wrap elementor-element-populated\">\n\t\t\t\t\t\t<div class=\"elementor-element elementor-element-532aace elementor-widget elementor-widget-heading\" data-id=\"532aace\" data-element_type=\"widget\" data-e-type=\"widget\" data-widget_type=\"heading.default\">\n\t\t\t\t<div class=\"elementor-widget-container\">\n\t\t\t\t\t<h2 class=\"elementor-heading-title elementor-size-default\">c\u00f3digo \u00e9tico<\/h2>\t\t\t\t<\/div>\n\t\t\t\t<\/div>\n\t\t\t\t\t<\/div>\n\t\t<\/div>\n\t\t\t\t\t<\/div>\n\t\t<\/section>\n\t\t\t\t<section class=\"elementor-section elementor-top-section elementor-element elementor-element-44b90e7 elementor-section-height-min-height elementor-section-items-top elementor-section-boxed elementor-section-height-default\" data-id=\"44b90e7\" data-element_type=\"section\" data-e-type=\"section\">\n\t\t\t\t\t\t<div class=\"elementor-container elementor-column-gap-default\">\n\t\t\t\t\t<div class=\"elementor-column elementor-col-100 elementor-top-column elementor-element elementor-element-d5705ca\" data-id=\"d5705ca\" data-element_type=\"column\" data-e-type=\"column\">\n\t\t\t<div class=\"elementor-widget-wrap elementor-element-populated\">\n\t\t\t\t\t\t<div class=\"elementor-element elementor-element-430dccc elementor-widget elementor-widget-text-editor\" data-id=\"430dccc\" data-element_type=\"widget\" data-e-type=\"widget\" data-widget_type=\"text-editor.default\">\n\t\t\t\t<div class=\"elementor-widget-container\">\n\t\t\t\t\t\t\t\t\t<p>El 1 de julio de 2014, la empresa Dal Cin adopt\u00f3 su propio C\u00f3digo \u00c9tico, tras la resoluci\u00f3n del consejo de administraci\u00f3n del 20\/05\/2014, con vistas a aplicar el modelo de gesti\u00f3n y control contenido en el DL 231\/01 sobre responsabilidad administrativa de las empresas.<\/p>\n<p>El C\u00f3digo \u00c9tico, cuya versi\u00f3n actualizada a 31\/12\/2023 puede consultarse directamente en el sitio web de la empresa, compromete a todos los actores de la empresa (directivos, empleados, colaboradores, agentes y consultores, as\u00ed como proveedores de bienes y servicios) a adherirse a sus directrices y conducta, bas\u00e1ndose en las valoraciones expresadas durante el examen de las posibilidades de delitos expresadas en el DL 231\/01 y posteriores actualizaciones.<\/p>\n<p>Dal Cin Spa se\u00f1ala que sus principios \u00e9ticos se consideran aceptados por todos sus proveedores con la simple aceptaci\u00f3n del pedido de suministro, comprometi\u00e9ndoles a un comportamiento y unas estrategias acordes con la \u00e9tica y la equidad expresadas en su C\u00f3digo \u00c9tico.<\/p>\n\t\t\t\t\t\t\t\t<\/div>\n\t\t\t\t<\/div>\n\t\t\t\t\t<\/div>\n\t\t<\/div>\n\t\t\t\t\t<\/div>\n\t\t<\/section>\n\t\t\t\t<\/div>\n\t\t","protected":false},"excerpt":{"rendered":"<p>c\u00f3digo \u00e9tico El 1 de julio de 2014, la empresa Dal Cin adopt\u00f3 su propio C\u00f3digo \u00c9tico, tras la resoluci\u00f3n del consejo de administraci\u00f3n del 20\/05\/2014, con vistas a aplicar el modelo de gesti\u00f3n y control contenido en el DL 231\/01 sobre responsabilidad administrativa de las empresas. El C\u00f3digo \u00c9tico, cuya versi\u00f3n actualizada a 31\/12\/2023 [&hellip;]<\/p>\n","protected":false},"author":1,"featured_media":0,"parent":0,"menu_order":0,"comment_status":"closed","ping_status":"closed","template":"","meta":{"_acf_changed":false,"_seopress_robots_primary_cat":"","_seopress_titles_title":"Impegno Etico e Responsabilit\u00e0 Sociale %%sep%% %%sitetitle%%","_seopress_titles_desc":"Scopri il nostro Codice Etico: l&#039;impegno verso l&#039;integrit\u00e0, la trasparenza e la responsabilit\u00e0 nel settore enologico e oltre.","_seopress_robots_index":"","footnotes":""},"class_list":["post-5100","page","type-page","status-publish","hentry"],"acf":[],"_links":{"self":[{"href":"https:\/\/dalcin.com\/es\/wp-json\/wp\/v2\/pages\/5100","targetHints":{"allow":["GET"]}}],"collection":[{"href":"https:\/\/dalcin.com\/es\/wp-json\/wp\/v2\/pages"}],"about":[{"href":"https:\/\/dalcin.com\/es\/wp-json\/wp\/v2\/types\/page"}],"author":[{"embeddable":true,"href":"https:\/\/dalcin.com\/es\/wp-json\/wp\/v2\/users\/1"}],"replies":[{"embeddable":true,"href":"https:\/\/dalcin.com\/es\/wp-json\/wp\/v2\/comments?post=5100"}],"version-history":[{"count":0,"href":"https:\/\/dalcin.com\/es\/wp-json\/wp\/v2\/pages\/5100\/revisions"}],"wp:attachment":[{"href":"https:\/\/dalcin.com\/es\/wp-json\/wp\/v2\/media?parent=5100"}],"curies":[{"name":"wp","href":"https:\/\/api.w.org\/{rel}","templated":true}]}}