{"id":6592,"date":"2023-12-05T17:42:28","date_gmt":"2023-12-05T16:42:28","guid":{"rendered":"https:\/\/staging.dalcin.com\/noticias-y-prensa\/"},"modified":"2024-05-31T00:23:50","modified_gmt":"2024-05-30T22:23:50","slug":"noticias-y-prensa","status":"publish","type":"page","link":"https:\/\/dalcin.com\/es\/noticias-y-prensa\/","title":{"rendered":"Noticias y prensa"},"content":{"rendered":"\t\t<div data-elementor-type=\"wp-page\" data-elementor-id=\"6592\" class=\"elementor elementor-6592 elementor-2242\" data-elementor-post-type=\"page\">\n\t\t\t\t\t\t<section class=\"elementor-section elementor-top-section elementor-element elementor-element-2015b6a elementor-section-boxed elementor-section-height-default elementor-section-height-default\" data-id=\"2015b6a\" data-element_type=\"section\" data-e-type=\"section\">\n\t\t\t\t\t\t<div class=\"elementor-container elementor-column-gap-default\">\n\t\t\t\t\t<div class=\"elementor-column elementor-col-100 elementor-top-column elementor-element elementor-element-586382b\" data-id=\"586382b\" data-element_type=\"column\" data-e-type=\"column\">\n\t\t\t<div class=\"elementor-widget-wrap elementor-element-populated\">\n\t\t\t\t\t\t<div class=\"elementor-element elementor-element-a5c10c1 elementor-widget elementor-widget-heading\" data-id=\"a5c10c1\" data-element_type=\"widget\" data-e-type=\"widget\" data-widget_type=\"heading.default\">\n\t\t\t\t<div class=\"elementor-widget-container\">\n\t\t\t\t\t<h2 class=\"elementor-heading-title elementor-size-default\">Novedades<\/h2>\t\t\t\t<\/div>\n\t\t\t\t<\/div>\n\t\t\t\t\t<\/div>\n\t\t<\/div>\n\t\t\t\t\t<\/div>\n\t\t<\/section>\n\t\t\t\t<section class=\"elementor-section elementor-top-section elementor-element elementor-element-30fe0b9 elementor-section-boxed elementor-section-height-default elementor-section-height-default\" data-id=\"30fe0b9\" data-element_type=\"section\" data-e-type=\"section\">\n\t\t\t\t\t\t<div class=\"elementor-container elementor-column-gap-no\">\n\t\t\t\t\t<div class=\"elementor-column elementor-col-100 elementor-top-column elementor-element elementor-element-7a26904\" data-id=\"7a26904\" data-element_type=\"column\" data-e-type=\"column\">\n\t\t\t<div class=\"elementor-widget-wrap elementor-element-populated\">\n\t\t\t\t\t\t<div class=\"elementor-element elementor-element-e8036e7 elementor-grid-1 pp-equal-height-yes pp-posts-thumbnail-ratio elementor-grid-tablet-2 elementor-grid-mobile-1 pp-posts-image-stack-mobile pp-post-thumbnail-align-left elementor-widget elementor-widget-pp-posts\" data-id=\"e8036e7\" data-element_type=\"widget\" data-e-type=\"widget\" data-settings=\"{&quot;news_columns&quot;:&quot;1&quot;,&quot;news_columns_tablet&quot;:&quot;2&quot;,&quot;news_columns_mobile&quot;:&quot;1&quot;}\" data-widget_type=\"pp-posts.news\">\n\t\t\t\t<div class=\"elementor-widget-container\">\n\t\t\t\t\t\t\t<div class=\"pp-posts-container pp-posts-infinite-scroll\">\n\t\t\t\n\t\t\t\t\t\t\t\t\t\t\n\t\t\t<div class=\"pp-posts pp-posts-skin-news elementor-grid pp-posts-grid\" data-query-type=\"custom\" data-layout=\"grid\" data-page=\"6592\" data-skin=\"news\">\n\t\t\t\t\t\t\t\t\t\t\t<div class=\"pp-post-wrap pp-grid-item-wrap elementor-grid-item post-10411 post type-post status-publish format-standard has-post-thumbnail hentry category-sin-categorizar\">\n\t\t\t\t\t\t<div class=\"pp-post pp-grid-item\">\n\t\t\t\t\t\t<div class=\"pp-post-thumbnail\">\n\t\t\t<a class=\"pp-post-thumbnail-wrap\" href=\"https:\/\/dalcin.com\/es\/nuevo-etiquetado-del-vino\/\" title=\"USTED CONOCE EL PROBLEMA DEL PINKING\">\n\t\t\t\t<img fetchpriority=\"high\" decoding=\"async\" width=\"512\" height=\"512\" src=\"https:\/\/dalcin.com\/wp-content\/uploads\/2024\/02\/news-home-questionari.jpg\" class=\"attachment-full size-full wp-image-10495\" alt=\"\" srcset=\"https:\/\/dalcin.com\/wp-content\/uploads\/2024\/02\/news-home-questionari.jpg 512w, https:\/\/dalcin.com\/wp-content\/uploads\/2024\/02\/news-home-questionari-300x300.jpg 300w, https:\/\/dalcin.com\/wp-content\/uploads\/2024\/02\/news-home-questionari-150x150.jpg 150w, https:\/\/dalcin.com\/wp-content\/uploads\/2024\/02\/news-home-questionari-12x12.jpg 12w, https:\/\/dalcin.com\/wp-content\/uploads\/2024\/02\/news-home-questionari-100x100.jpg 100w\" sizes=\"(max-width: 512px) 100vw, 512px\" \/>\t\t\t<\/a>\n\t\t<\/div>\n\t\t\t\t\t\t<div class=\"pp-post-content\">\n\t\t\t\t\t\t\t\t\t\t\t<div class=\"pp-post-meta\">\n\t\t\t\t\t\t\t\t<span class=\"pp-post-date\">\n\t\t\t\t\t\t<span class=\"pp-meta-text\">\n\t\t\t\tfebrero 2024\t\t\t<\/span>\n\t\t<\/span>\n\t\t<span class=\"pp-meta-separator\"><\/span>\n\t\t\t\t\t\t\t<\/div>\n\t\t\t\t\t\t\t\t\t<h2 class=\"pp-post-title\">\n\t\t\t\t<a href=\"https:\/\/dalcin.com\/es\/nuevo-etiquetado-del-vino\/\">USTED CONOCE EL PROBLEMA DEL PINKING<\/a>\t\t\t<\/h2>\n\t\t\t\t\t\t\t<div class=\"pp-post-excerpt\">\n\t\t\t<p>Pon a prueba tus conocimientos con nuestro cuestionario<\/p>\n\t\t<\/div>\n\t\t\t\t\t\t\t\t<a class=\"pp-posts-button elementor-button elementor-size-sm\" href=\"https:\/\/dalcin.com\/es\/nuevo-etiquetado-del-vino\/\" title=\"USTED CONOCE EL PROBLEMA DEL PINKING\" aria-label=\"Read more about USTED CONOCE EL PROBLEMA DEL PINKING\">\n\t\t\t\t\t\t\t\t\t\t<span class=\"pp-button-text\">\n\t\t\t\t\tLeer\t\t\t\t<\/span>\n\t\t\t\t\t\t\t\t\t<span class=\"pp-button-icon elementor-button-icon elementor-align-icon-right\">\n\t\t\t\t\t\t\t<\/span>\n\t\t\t\t\t<\/a>\n\t\t\t\t\t\t\t\t<\/div>\n\t\t\t<\/div>\n\t\t\t\t\t<\/div>\n\t\t\t\t<div class=\"pp-post-wrap pp-grid-item-wrap elementor-grid-item post-10413 post type-post status-publish format-standard has-post-thumbnail hentry category-sin-categorizar\">\n\t\t\t\t\t\t<div class=\"pp-post pp-grid-item\">\n\t\t\t\t\t\t<div class=\"pp-post-thumbnail\">\n\t\t\t<a class=\"pp-post-thumbnail-wrap\" href=\"https:\/\/dalcin.com\/es\/armonia-vitalidad\/\" title=\"HARMONY VITALITY\">\n\t\t\t\t<img decoding=\"async\" width=\"512\" height=\"512\" src=\"https:\/\/dalcin.com\/wp-content\/uploads\/2024\/01\/news-home-harmony.jpg\" class=\"attachment-full size-full wp-image-10414\" alt=\"\" srcset=\"https:\/\/dalcin.com\/wp-content\/uploads\/2024\/01\/news-home-harmony.jpg 512w, https:\/\/dalcin.com\/wp-content\/uploads\/2024\/01\/news-home-harmony-300x300.jpg 300w, https:\/\/dalcin.com\/wp-content\/uploads\/2024\/01\/news-home-harmony-150x150.jpg 150w, https:\/\/dalcin.com\/wp-content\/uploads\/2024\/01\/news-home-harmony-12x12.jpg 12w, https:\/\/dalcin.com\/wp-content\/uploads\/2024\/01\/news-home-harmony-100x100.jpg 100w\" sizes=\"(max-width: 512px) 100vw, 512px\" \/>\t\t\t<\/a>\n\t\t<\/div>\n\t\t\t\t\t\t<div class=\"pp-post-content\">\n\t\t\t\t\t\t\t\t\t\t\t<div class=\"pp-post-meta\">\n\t\t\t\t\t\t\t\t<span class=\"pp-post-date\">\n\t\t\t\t\t\t<span class=\"pp-meta-text\">\n\t\t\t\tenero 2024\t\t\t<\/span>\n\t\t<\/span>\n\t\t<span class=\"pp-meta-separator\"><\/span>\n\t\t\t\t\t\t\t<\/div>\n\t\t\t\t\t\t\t\t\t<h2 class=\"pp-post-title\">\n\t\t\t\t<a href=\"https:\/\/dalcin.com\/es\/armonia-vitalidad\/\">HARMONY VITALITY<\/a>\t\t\t<\/h2>\n\t\t\t\t\t\t\t<div class=\"pp-post-excerpt\">\n\t\t\t<p>Derivado de la levadura para proteger los vinos de la oxidaci\u00f3n durante el envejecimiento y el almacenamiento. Desc\u00fabrelo ahora<\/p>\n\t\t<\/div>\n\t\t\t\t\t\t\t\t<a class=\"pp-posts-button elementor-button elementor-size-sm\" href=\"https:\/\/dalcin.com\/es\/armonia-vitalidad\/\" title=\"HARMONY VITALITY\" aria-label=\"Read more about HARMONY VITALITY\">\n\t\t\t\t\t\t\t\t\t\t<span class=\"pp-button-text\">\n\t\t\t\t\tLeer\t\t\t\t<\/span>\n\t\t\t\t\t\t\t\t\t<span class=\"pp-button-icon elementor-button-icon elementor-align-icon-right\">\n\t\t\t\t\t\t\t<\/span>\n\t\t\t\t\t<\/a>\n\t\t\t\t\t\t\t\t<\/div>\n\t\t\t<\/div>\n\t\t\t\t\t<\/div>\n\t\t\t\t<div class=\"pp-post-wrap pp-grid-item-wrap elementor-grid-item post-13205 post type-post status-publish format-standard has-post-thumbnail hentry category-sin-categorizar\">\n\t\t\t\t\t\t<div class=\"pp-post pp-grid-item\">\n\t\t\t\t\t\t<div class=\"pp-post-thumbnail\">\n\t\t\t<a class=\"pp-post-thumbnail-wrap\" href=\"https:\/\/dalcin.com\/es\/congreso-de-assoenologos-2024\/\" title=\"CONGRESO DE ASSOEN\u00d3LOGOS 2024\">\n\t\t\t\t<img decoding=\"async\" width=\"623\" height=\"631\" src=\"https:\/\/dalcin.com\/wp-content\/uploads\/2024\/04\/Logo-77-Congresso_BIANCO_Aziende-Partner-copia-1.jpg\" class=\"attachment-full size-full wp-image-12933\" alt=\"\" srcset=\"https:\/\/dalcin.com\/wp-content\/uploads\/2024\/04\/Logo-77-Congresso_BIANCO_Aziende-Partner-copia-1.jpg 623w, https:\/\/dalcin.com\/wp-content\/uploads\/2024\/04\/Logo-77-Congresso_BIANCO_Aziende-Partner-copia-1-296x300.jpg 296w, https:\/\/dalcin.com\/wp-content\/uploads\/2024\/04\/Logo-77-Congresso_BIANCO_Aziende-Partner-copia-1-600x608.jpg 600w, https:\/\/dalcin.com\/wp-content\/uploads\/2024\/04\/Logo-77-Congresso_BIANCO_Aziende-Partner-copia-1-100x100.jpg 100w\" sizes=\"(max-width: 623px) 100vw, 623px\" \/>\t\t\t<\/a>\n\t\t<\/div>\n\t\t\t\t\t\t<div class=\"pp-post-content\">\n\t\t\t\t\t\t\t\t\t\t\t<div class=\"pp-post-meta\">\n\t\t\t\t\t\t\t\t<span class=\"pp-post-date\">\n\t\t\t\t\t\t<span class=\"pp-meta-text\">\n\t\t\t\tdiciembre 2023\t\t\t<\/span>\n\t\t<\/span>\n\t\t<span class=\"pp-meta-separator\"><\/span>\n\t\t\t\t\t\t\t<\/div>\n\t\t\t\t\t\t\t\t\t<h2 class=\"pp-post-title\">\n\t\t\t\t<a href=\"https:\/\/dalcin.com\/es\/congreso-de-assoenologos-2024\/\">CONGRESO DE ASSOEN\u00d3LOGOS 2024<\/a>\t\t\t<\/h2>\n\t\t\t\t\t\t\t<div class=\"pp-post-excerpt\">\n\t\t\t<p>Dal Cin es empresa asociada del pr\u00f3ximo Congreso<\/p>\n\t\t<\/div>\n\t\t\t\t\t\t\t\t<a class=\"pp-posts-button elementor-button elementor-size-sm\" href=\"https:\/\/dalcin.com\/es\/congreso-de-assoenologos-2024\/\" title=\"CONGRESO DE ASSOEN\u00d3LOGOS 2024\" aria-label=\"Read more about CONGRESO DE ASSOEN\u00d3LOGOS 2024\">\n\t\t\t\t\t\t\t\t\t\t<span class=\"pp-button-text\">\n\t\t\t\t\tLeer\t\t\t\t<\/span>\n\t\t\t\t\t\t\t\t\t<span class=\"pp-button-icon elementor-button-icon elementor-align-icon-right\">\n\t\t\t\t\t\t\t<\/span>\n\t\t\t\t\t<\/a>\n\t\t\t\t\t\t\t\t<\/div>\n\t\t\t<\/div>\n\t\t\t\t\t<\/div>\n\t\t\t\t<div class=\"pp-post-wrap pp-grid-item-wrap elementor-grid-item post-10672 post type-post status-publish format-standard hentry category-sin-categorizar\">\n\t\t\t\t\t\t<div class=\"pp-post pp-grid-item\">\n\t\t\t\t\t\t<div class=\"pp-post-thumbnail\">\n\t\t\t<a class=\"pp-post-thumbnail-wrap\" href=\"https:\/\/dalcin.com\/es\/prevencion-y-tratamiento\/\" title=\"PINKING: PREVENCI\u00d3N Y TRATAMIENTO\">\n\t\t\t\t<img decoding=\"async\" class=\"\" src=\"https:\/\/dalcin.com\/wp-content\/plugins\/elementor\/assets\/images\/placeholder.png\" \/>\t\t\t<\/a>\n\t\t<\/div>\n\t\t\t\t\t\t<div class=\"pp-post-content\">\n\t\t\t\t\t\t\t\t\t\t\t<div class=\"pp-post-meta\">\n\t\t\t\t\t\t\t\t<span class=\"pp-post-date\">\n\t\t\t\t\t\t<span class=\"pp-meta-text\">\n\t\t\t\tenero 2023\t\t\t<\/span>\n\t\t<\/span>\n\t\t<span class=\"pp-meta-separator\"><\/span>\n\t\t\t\t\t\t\t<\/div>\n\t\t\t\t\t\t\t\t\t<h2 class=\"pp-post-title\">\n\t\t\t\t<a href=\"https:\/\/dalcin.com\/es\/prevencion-y-tratamiento\/\">PINKING: PREVENCI\u00d3N Y TRATAMIENTO<\/a>\t\t\t<\/h2>\n\t\t\t\t\t\t\t<div class=\"pp-post-excerpt\">\n\t\t\t<p>El fen\u00f3meno del pinking afecta a los vinos blancos obtenidos a partir de determinadas variedades de uva y se manifiesta ...<\/p>\n\t\t<\/div>\n\t\t\t\t\t\t\t\t<a class=\"pp-posts-button elementor-button elementor-size-sm\" href=\"https:\/\/dalcin.com\/es\/prevencion-y-tratamiento\/\" title=\"PINKING: PREVENCI\u00d3N Y TRATAMIENTO\" aria-label=\"Read more about PINKING: PREVENCI\u00d3N Y TRATAMIENTO\">\n\t\t\t\t\t\t\t\t\t\t<span class=\"pp-button-text\">\n\t\t\t\t\tLeer\t\t\t\t<\/span>\n\t\t\t\t\t\t\t\t\t<span class=\"pp-button-icon elementor-button-icon elementor-align-icon-right\">\n\t\t\t\t\t\t\t<\/span>\n\t\t\t\t\t<\/a>\n\t\t\t\t\t\t\t\t<\/div>\n\t\t\t<\/div>\n\t\t\t\t\t<\/div>\n\t\t\t\t<div class=\"pp-post-wrap pp-grid-item-wrap elementor-grid-item post-13808 post type-post status-publish format-standard hentry category-sin-categorizar\">\n\t\t\t\t\t\t<div class=\"pp-post pp-grid-item\">\n\t\t\t\t\t\t<div class=\"pp-post-thumbnail\">\n\t\t\t<a class=\"pp-post-thumbnail-wrap\" href=\"https:\/\/dalcin.com\/es\/pones-en-seguridad-el-color-de-los-vinos-tintos\/\" title=\"PONES EN SEGURIDAD EL COLOR DE LOS VINOS TINTOS\">\n\t\t\t\t<img decoding=\"async\" class=\"\" src=\"https:\/\/dalcin.com\/wp-content\/plugins\/elementor\/assets\/images\/placeholder.png\" \/>\t\t\t<\/a>\n\t\t<\/div>\n\t\t\t\t\t\t<div class=\"pp-post-content\">\n\t\t\t\t\t\t\t\t\t\t\t<div class=\"pp-post-meta\">\n\t\t\t\t\t\t\t\t<span class=\"pp-post-date\">\n\t\t\t\t\t\t<span class=\"pp-meta-text\">\n\t\t\t\toctubre 2022\t\t\t<\/span>\n\t\t<\/span>\n\t\t<span class=\"pp-meta-separator\"><\/span>\n\t\t\t\t\t\t\t<\/div>\n\t\t\t\t\t\t\t\t\t<h2 class=\"pp-post-title\">\n\t\t\t\t<a href=\"https:\/\/dalcin.com\/es\/pones-en-seguridad-el-color-de-los-vinos-tintos\/\">PONES EN SEGURIDAD EL COLOR DE LOS VINOS TINTOS<\/a>\t\t\t<\/h2>\n\t\t\t\t\t\t\t<div class=\"pp-post-excerpt\">\n\t\t\t<p>En los vinos tintos, la precipitaci\u00f3n de coloides es una de las causas de la p\u00e9rdida de materia colorante. Las ...<\/p>\n\t\t<\/div>\n\t\t\t\t\t\t\t\t<a class=\"pp-posts-button elementor-button elementor-size-sm\" href=\"https:\/\/dalcin.com\/es\/pones-en-seguridad-el-color-de-los-vinos-tintos\/\" title=\"PONES EN SEGURIDAD EL COLOR DE LOS VINOS TINTOS\" aria-label=\"Read more about PONES EN SEGURIDAD EL COLOR DE LOS VINOS TINTOS\">\n\t\t\t\t\t\t\t\t\t\t<span class=\"pp-button-text\">\n\t\t\t\t\tLeer\t\t\t\t<\/span>\n\t\t\t\t\t\t\t\t\t<span class=\"pp-button-icon elementor-button-icon elementor-align-icon-right\">\n\t\t\t\t\t\t\t<\/span>\n\t\t\t\t\t<\/a>\n\t\t\t\t\t\t\t\t<\/div>\n\t\t\t<\/div>\n\t\t\t\t\t<\/div>\n\t\t\t\t<div class=\"pp-post-wrap pp-grid-item-wrap elementor-grid-item post-10673 post type-post status-publish format-standard hentry category-sin-categorizar\">\n\t\t\t\t\t\t<div class=\"pp-post pp-grid-item\">\n\t\t\t\t\t\t<div class=\"pp-post-thumbnail\">\n\t\t\t<a class=\"pp-post-thumbnail-wrap\" href=\"https:\/\/dalcin.com\/es\/la-flotacion\/\" title=\"LA FLOTACI\u00d3N\">\n\t\t\t\t<img decoding=\"async\" class=\"\" src=\"https:\/\/dalcin.com\/wp-content\/plugins\/elementor\/assets\/images\/placeholder.png\" \/>\t\t\t<\/a>\n\t\t<\/div>\n\t\t\t\t\t\t<div class=\"pp-post-content\">\n\t\t\t\t\t\t\t\t\t\t\t<div class=\"pp-post-meta\">\n\t\t\t\t\t\t\t\t<span class=\"pp-post-date\">\n\t\t\t\t\t\t<span class=\"pp-meta-text\">\n\t\t\t\tjunio 2021\t\t\t<\/span>\n\t\t<\/span>\n\t\t<span class=\"pp-meta-separator\"><\/span>\n\t\t\t\t\t\t\t<\/div>\n\t\t\t\t\t\t\t\t\t<h2 class=\"pp-post-title\">\n\t\t\t\t<a href=\"https:\/\/dalcin.com\/es\/la-flotacion\/\">LA FLOTACI\u00d3N<\/a>\t\t\t<\/h2>\n\t\t\t\t\t\t\t<div class=\"pp-post-excerpt\">\n\t\t\t<p>La flotaci\u00f3n de los mostos permite lograr, adem\u00e1s de la limpieza, otros resultados interesantes.<\/p>\n\t\t<\/div>\n\t\t\t\t\t\t\t\t<a class=\"pp-posts-button elementor-button elementor-size-sm\" href=\"https:\/\/dalcin.com\/es\/la-flotacion\/\" title=\"LA FLOTACI\u00d3N\" aria-label=\"Read more about LA FLOTACI\u00d3N\">\n\t\t\t\t\t\t\t\t\t\t<span class=\"pp-button-text\">\n\t\t\t\t\tLeer\t\t\t\t<\/span>\n\t\t\t\t\t\t\t\t\t<span class=\"pp-button-icon elementor-button-icon elementor-align-icon-right\">\n\t\t\t\t\t\t\t<\/span>\n\t\t\t\t\t<\/a>\n\t\t\t\t\t\t\t\t<\/div>\n\t\t\t<\/div>\n\t\t\t\t\t<\/div>\n\t\t\t\t<div class=\"pp-post-wrap pp-grid-item-wrap elementor-grid-item post-13813 post type-post status-publish format-standard hentry category-sin-categorizar\">\n\t\t\t\t\t\t<div class=\"pp-post pp-grid-item\">\n\t\t\t\t\t\t<div class=\"pp-post-thumbnail\">\n\t\t\t<a class=\"pp-post-thumbnail-wrap\" href=\"https:\/\/dalcin.com\/es\/frescura-y-longevidad-para-vinos-blancos-y-rosados\/\" title=\"Frescura y longevidad para vinos blancos y rosados\">\n\t\t\t\t<img decoding=\"async\" class=\"\" src=\"https:\/\/dalcin.com\/wp-content\/plugins\/elementor\/assets\/images\/placeholder.png\" \/>\t\t\t<\/a>\n\t\t<\/div>\n\t\t\t\t\t\t<div class=\"pp-post-content\">\n\t\t\t\t\t\t\t\t\t\t\t<div class=\"pp-post-meta\">\n\t\t\t\t\t\t\t\t<span class=\"pp-post-date\">\n\t\t\t\t\t\t<span class=\"pp-meta-text\">\n\t\t\t\tjunio 2021\t\t\t<\/span>\n\t\t<\/span>\n\t\t<span class=\"pp-meta-separator\"><\/span>\n\t\t\t\t\t\t\t<\/div>\n\t\t\t\t\t\t\t\t\t<h2 class=\"pp-post-title\">\n\t\t\t\t<a href=\"https:\/\/dalcin.com\/es\/frescura-y-longevidad-para-vinos-blancos-y-rosados\/\">Frescura y longevidad para vinos blancos y rosados<\/a>\t\t\t<\/h2>\n\t\t\t\t\t\t\t<div class=\"pp-post-excerpt\">\n\t\t\t<p>Una levadura h\u00edbrida que destaca por la producci\u00f3n m\u00ednima de acetaldeh\u00eddo, H2S y SO2.<\/p>\n\t\t<\/div>\n\t\t\t\t\t\t\t\t<a class=\"pp-posts-button elementor-button elementor-size-sm\" href=\"https:\/\/dalcin.com\/es\/frescura-y-longevidad-para-vinos-blancos-y-rosados\/\" title=\"Frescura y longevidad para vinos blancos y rosados\" aria-label=\"Read more about Frescura y longevidad para vinos blancos y rosados\">\n\t\t\t\t\t\t\t\t\t\t<span class=\"pp-button-text\">\n\t\t\t\t\tLeer\t\t\t\t<\/span>\n\t\t\t\t\t\t\t\t\t<span class=\"pp-button-icon elementor-button-icon elementor-align-icon-right\">\n\t\t\t\t\t\t\t<\/span>\n\t\t\t\t\t<\/a>\n\t\t\t\t\t\t\t\t<\/div>\n\t\t\t<\/div>\n\t\t\t\t\t<\/div>\n\t\t\t\t<div class=\"pp-post-wrap pp-grid-item-wrap elementor-grid-item post-10674 post type-post status-publish format-standard hentry category-sin-categorizar\">\n\t\t\t\t\t\t<div class=\"pp-post pp-grid-item\">\n\t\t\t\t\t\t<div class=\"pp-post-thumbnail\">\n\t\t\t<a class=\"pp-post-thumbnail-wrap\" href=\"https:\/\/dalcin.com\/es\/bentonite-micro-pequenas-particulas-para-grandes-rendimiento\/\" title=\"BENTONITE MICRO &#8211; PEQUE\u00d1AS PART\u00cdCULAS PARA GRANDES RENDIMIENTO\">\n\t\t\t\t<img decoding=\"async\" class=\"\" src=\"https:\/\/dalcin.com\/wp-content\/plugins\/elementor\/assets\/images\/placeholder.png\" \/>\t\t\t<\/a>\n\t\t<\/div>\n\t\t\t\t\t\t<div class=\"pp-post-content\">\n\t\t\t\t\t\t\t\t\t\t\t<div class=\"pp-post-meta\">\n\t\t\t\t\t\t\t\t<span class=\"pp-post-date\">\n\t\t\t\t\t\t<span class=\"pp-meta-text\">\n\t\t\t\tenero 2019\t\t\t<\/span>\n\t\t<\/span>\n\t\t<span class=\"pp-meta-separator\"><\/span>\n\t\t\t\t\t\t\t<\/div>\n\t\t\t\t\t\t\t\t\t<h2 class=\"pp-post-title\">\n\t\t\t\t<a href=\"https:\/\/dalcin.com\/es\/bentonite-micro-pequenas-particulas-para-grandes-rendimiento\/\">BENTONITE MICRO &#8211; PEQUE\u00d1AS PART\u00cdCULAS PARA GRANDES RENDIMIENTO<\/a>\t\t\t<\/h2>\n\t\t\t\t\t\t\t<div class=\"pp-post-excerpt\">\n\t\t\t<p>Dal Cin spa, activo durante d\u00e9cadas en el mundo de la \u00abbentonita\u00bb, presenta una nueva l\u00ednea de productos caracterizada por ...<\/p>\n\t\t<\/div>\n\t\t\t\t\t\t\t\t<a class=\"pp-posts-button elementor-button elementor-size-sm\" href=\"https:\/\/dalcin.com\/es\/bentonite-micro-pequenas-particulas-para-grandes-rendimiento\/\" title=\"BENTONITE MICRO &#8211; PEQUE\u00d1AS PART\u00cdCULAS PARA GRANDES RENDIMIENTO\" aria-label=\"Read more about BENTONITE MICRO &#8211; PEQUE\u00d1AS PART\u00cdCULAS PARA GRANDES RENDIMIENTO\">\n\t\t\t\t\t\t\t\t\t\t<span class=\"pp-button-text\">\n\t\t\t\t\tLeer\t\t\t\t<\/span>\n\t\t\t\t\t\t\t\t\t<span class=\"pp-button-icon elementor-button-icon elementor-align-icon-right\">\n\t\t\t\t\t\t\t<\/span>\n\t\t\t\t\t<\/a>\n\t\t\t\t\t\t\t\t<\/div>\n\t\t\t<\/div>\n\t\t\t\t\t<\/div>\n\t\t\t\t\t\t\t\t\t<\/div>\n\t\t\t\n\t\t\t\n\t\t\t\t\t\t<div class=\"pp-posts-loader\"><\/div>\n\t\t\t\n\t\t\t\n\t\t\t\t\t\t\t\t\t\t\t<div class=\"pp-posts-pagination-wrap pp-posts-pagination-bottom\">\n\t\t\t\t\t\t\t\t\t<\/div>\n\t\t\t\t\t\t\t\t\t<\/div>\n\n\t\t\n\t\t\t\t\t\t<\/div>\n\t\t\t\t<\/div>\n\t\t\t\t\t<\/div>\n\t\t<\/div>\n\t\t\t\t\t<\/div>\n\t\t<\/section>\n\t\t\t\t<\/div>\n\t\t","protected":false},"excerpt":{"rendered":"<p>Novedades Aprile 2024 CONGRESO DE ASSOEN\u00d3LOGOS 2024 Dal Cin es empresa asociada del pr\u00f3ximo Congreso Leer Febbraio 2024 NUEVO ETIQUETADO DEL VINO Pon a prueba tus conocimientos con nuestro cuestionario Leer Gennaio 2024 HARMONY VITALITY Derivado de la levadura para proteger los vinos de la oxidaci\u00f3n durante el envejecimiento y el almacenamiento. Desc\u00fabrelo ahora Leer [&hellip;]<\/p>\n","protected":false},"author":1,"featured_media":0,"parent":0,"menu_order":0,"comment_status":"closed","ping_status":"closed","template":"","meta":{"_acf_changed":false,"_seopress_robots_primary_cat":"","_seopress_titles_title":"","_seopress_titles_desc":"","_seopress_robots_index":"","footnotes":""},"class_list":["post-6592","page","type-page","status-publish","hentry"],"acf":[],"_links":{"self":[{"href":"https:\/\/dalcin.com\/es\/wp-json\/wp\/v2\/pages\/6592","targetHints":{"allow":["GET"]}}],"collection":[{"href":"https:\/\/dalcin.com\/es\/wp-json\/wp\/v2\/pages"}],"about":[{"href":"https:\/\/dalcin.com\/es\/wp-json\/wp\/v2\/types\/page"}],"author":[{"embeddable":true,"href":"https:\/\/dalcin.com\/es\/wp-json\/wp\/v2\/users\/1"}],"replies":[{"embeddable":true,"href":"https:\/\/dalcin.com\/es\/wp-json\/wp\/v2\/comments?post=6592"}],"version-history":[{"count":0,"href":"https:\/\/dalcin.com\/es\/wp-json\/wp\/v2\/pages\/6592\/revisions"}],"wp:attachment":[{"href":"https:\/\/dalcin.com\/es\/wp-json\/wp\/v2\/media?parent=6592"}],"curies":[{"name":"wp","href":"https:\/\/api.w.org\/{rel}","templated":true}]}}