{"id":14494,"date":"2024-06-12T10:47:51","date_gmt":"2024-06-12T08:47:51","guid":{"rendered":"https:\/\/staging.dalcin.com\/?post_type=product&#038;p=14494"},"modified":"2024-06-26T09:55:03","modified_gmt":"2024-06-26T07:55:03","slug":"ultrasi-extreme","status":"publish","type":"product","link":"https:\/\/dalcin.com\/es\/prodotto\/ultrasi-extreme\/","title":{"rendered":"ULTRasi Extreme"},"content":{"rendered":"","protected":false},"excerpt":{"rendered":"<p>Enzima pectol\u00edtico con una importante actividad pectinl\u00edasa. Asegura la r\u00e1pida depectinizaci\u00f3n de mostos \u00abdif\u00edciles\u00bb.<\/p>\n","protected":false},"featured_media":16618,"template":"","meta":{"_acf_changed":false,"_seopress_robots_primary_cat":"none","_seopress_titles_title":"","_seopress_titles_desc":"","_seopress_robots_index":""},"product_brand":[],"product_cat":[205],"product_tag":[249,250],"class_list":{"0":"post-14494","1":"product","2":"type-product","3":"status-publish","4":"has-post-thumbnail","6":"product_cat-enzimas","7":"product_tag-clarificacion-estatica","8":"product_tag-flotacion","10":"first","11":"instock","12":"shipping-taxable","13":"product-type-simple"},"acf":[],"_links":{"self":[{"href":"https:\/\/dalcin.com\/es\/wp-json\/wp\/v2\/product\/14494","targetHints":{"allow":["GET"]}}],"collection":[{"href":"https:\/\/dalcin.com\/es\/wp-json\/wp\/v2\/product"}],"about":[{"href":"https:\/\/dalcin.com\/es\/wp-json\/wp\/v2\/types\/product"}],"wp:featuredmedia":[{"embeddable":true,"href":"https:\/\/dalcin.com\/es\/wp-json\/wp\/v2\/media\/16618"}],"wp:attachment":[{"href":"https:\/\/dalcin.com\/es\/wp-json\/wp\/v2\/media?parent=14494"}],"wp:term":[{"taxonomy":"product_brand","embeddable":true,"href":"https:\/\/dalcin.com\/es\/wp-json\/wp\/v2\/product_brand?post=14494"},{"taxonomy":"product_cat","embeddable":true,"href":"https:\/\/dalcin.com\/es\/wp-json\/wp\/v2\/product_cat?post=14494"},{"taxonomy":"product_tag","embeddable":true,"href":"https:\/\/dalcin.com\/es\/wp-json\/wp\/v2\/product_tag?post=14494"}],"curies":[{"name":"wp","href":"https:\/\/api.w.org\/{rel}","templated":true}]}}