{"id":4699,"date":"2024-02-07T17:04:29","date_gmt":"2024-02-07T16:04:29","guid":{"rendered":"https:\/\/staging.dalcin.com\/prodotto\/cristallgen\/"},"modified":"2024-11-28T12:37:16","modified_gmt":"2024-11-28T11:37:16","slug":"cristallgen","status":"publish","type":"product","link":"https:\/\/dalcin.com\/es\/prodotto\/cristallgen\/","title":{"rendered":"Cristallgen"},"content":{"rendered":"","protected":false},"excerpt":{"rendered":"<p>Polvo cristalizante para la estabilizaci\u00f3n tart\u00e1rica en fr\u00edo, activo contra el exceso de potasio.<\/p>\n","protected":false},"featured_media":4700,"template":"","meta":{"_acf_changed":false,"_seopress_robots_primary_cat":"none","_seopress_titles_title":"","_seopress_titles_desc":"","_seopress_robots_index":""},"product_brand":[],"product_cat":[161],"product_tag":[162],"class_list":{"0":"post-4699","1":"product","2":"type-product","3":"status-publish","4":"has-post-thumbnail","6":"product_cat-estabilizacion","7":"product_tag-estabilidad-tartarica","9":"first","10":"instock","11":"shipping-taxable","12":"product-type-simple"},"acf":[],"_links":{"self":[{"href":"https:\/\/dalcin.com\/es\/wp-json\/wp\/v2\/product\/4699","targetHints":{"allow":["GET"]}}],"collection":[{"href":"https:\/\/dalcin.com\/es\/wp-json\/wp\/v2\/product"}],"about":[{"href":"https:\/\/dalcin.com\/es\/wp-json\/wp\/v2\/types\/product"}],"wp:featuredmedia":[{"embeddable":true,"href":"https:\/\/dalcin.com\/es\/wp-json\/wp\/v2\/media\/4700"}],"wp:attachment":[{"href":"https:\/\/dalcin.com\/es\/wp-json\/wp\/v2\/media?parent=4699"}],"wp:term":[{"taxonomy":"product_brand","embeddable":true,"href":"https:\/\/dalcin.com\/es\/wp-json\/wp\/v2\/product_brand?post=4699"},{"taxonomy":"product_cat","embeddable":true,"href":"https:\/\/dalcin.com\/es\/wp-json\/wp\/v2\/product_cat?post=4699"},{"taxonomy":"product_tag","embeddable":true,"href":"https:\/\/dalcin.com\/es\/wp-json\/wp\/v2\/product_tag?post=4699"}],"curies":[{"name":"wp","href":"https:\/\/api.w.org\/{rel}","templated":true}]}}