{"id":4707,"date":"2024-02-07T15:39:37","date_gmt":"2024-02-07T14:39:37","guid":{"rendered":"https:\/\/staging.dalcin.com\/prodotto\/tanino-dc\/"},"modified":"2024-03-04T17:40:43","modified_gmt":"2024-03-04T16:40:43","slug":"tanino-dc","status":"publish","type":"product","link":"https:\/\/dalcin.com\/es\/prodotto\/tanino-dc\/","title":{"rendered":"Tannin DC"},"content":{"rendered":"","protected":false},"excerpt":{"rendered":"<p>Sustancia natural extra\u00edda de la madera de casta\u00f1o, una esencia rica en taninos, polifenoles y \u00e1cidos org\u00e1nicos. Los tratamientos vegetales estimulan a la planta para que active sus defensas contra los agentes pat\u00f3genos. Los tratamientos del suelo estimulan el crecimiento de las ra\u00edces y contrarrestan la propagaci\u00f3n de organismos pat\u00f3genos como los nematodos transmitidos por el suelo.<\/p>\n","protected":false},"featured_media":0,"template":"","meta":{"_acf_changed":false,"_seopress_robots_primary_cat":"none","_seopress_titles_title":"","_seopress_titles_desc":"","_seopress_robots_index":""},"product_brand":[],"product_cat":[167],"product_tag":[],"class_list":{"0":"post-4707","1":"product","2":"type-product","3":"status-publish","5":"product_cat-agricultura","7":"first","8":"instock","9":"shipping-taxable","10":"product-type-simple"},"acf":[],"_links":{"self":[{"href":"https:\/\/dalcin.com\/es\/wp-json\/wp\/v2\/product\/4707","targetHints":{"allow":["GET"]}}],"collection":[{"href":"https:\/\/dalcin.com\/es\/wp-json\/wp\/v2\/product"}],"about":[{"href":"https:\/\/dalcin.com\/es\/wp-json\/wp\/v2\/types\/product"}],"wp:attachment":[{"href":"https:\/\/dalcin.com\/es\/wp-json\/wp\/v2\/media?parent=4707"}],"wp:term":[{"taxonomy":"product_brand","embeddable":true,"href":"https:\/\/dalcin.com\/es\/wp-json\/wp\/v2\/product_brand?post=4707"},{"taxonomy":"product_cat","embeddable":true,"href":"https:\/\/dalcin.com\/es\/wp-json\/wp\/v2\/product_cat?post=4707"},{"taxonomy":"product_tag","embeddable":true,"href":"https:\/\/dalcin.com\/es\/wp-json\/wp\/v2\/product_tag?post=4707"}],"curies":[{"name":"wp","href":"https:\/\/api.w.org\/{rel}","templated":true}]}}