{"id":4709,"date":"2024-02-07T15:38:41","date_gmt":"2024-02-07T14:38:41","guid":{"rendered":"https:\/\/staging.dalcin.com\/prodotto\/chitosan-dc\/"},"modified":"2024-06-25T17:43:35","modified_gmt":"2024-06-25T15:43:35","slug":"chitosan-dc","status":"publish","type":"product","link":"https:\/\/dalcin.com\/es\/prodotto\/chitosan-dc\/","title":{"rendered":"Chitos\u00e1n DC"},"content":{"rendered":"","protected":false},"excerpt":{"rendered":"<p>Pol\u00edmero org\u00e1nico de quitina de origen vegetal. En las plantas Dal Cin, donde se prepara la soluci\u00f3n, se presta extrema atenci\u00f3n a la calidad de la materia prima para mantener las propiedades de la matriz org\u00e1nica natural. El quitosano DC desencadena una serie de reacciones bioqu\u00edmicas de defensa muy intensas en la vegetaci\u00f3n tratada (\u00abefecto elicitor\u00bb), un mecanismo de defensa inducido de considerable efecto protector.<\/p>\n","protected":false},"featured_media":0,"template":"","meta":{"_acf_changed":false,"_seopress_robots_primary_cat":"none","_seopress_titles_title":"","_seopress_titles_desc":"","_seopress_robots_index":""},"product_brand":[],"product_cat":[167],"product_tag":[],"class_list":{"0":"post-4709","1":"product","2":"type-product","3":"status-publish","5":"product_cat-agricultura","7":"first","8":"instock","9":"shipping-taxable","10":"product-type-simple"},"acf":[],"_links":{"self":[{"href":"https:\/\/dalcin.com\/es\/wp-json\/wp\/v2\/product\/4709","targetHints":{"allow":["GET"]}}],"collection":[{"href":"https:\/\/dalcin.com\/es\/wp-json\/wp\/v2\/product"}],"about":[{"href":"https:\/\/dalcin.com\/es\/wp-json\/wp\/v2\/types\/product"}],"wp:attachment":[{"href":"https:\/\/dalcin.com\/es\/wp-json\/wp\/v2\/media?parent=4709"}],"wp:term":[{"taxonomy":"product_brand","embeddable":true,"href":"https:\/\/dalcin.com\/es\/wp-json\/wp\/v2\/product_brand?post=4709"},{"taxonomy":"product_cat","embeddable":true,"href":"https:\/\/dalcin.com\/es\/wp-json\/wp\/v2\/product_cat?post=4709"},{"taxonomy":"product_tag","embeddable":true,"href":"https:\/\/dalcin.com\/es\/wp-json\/wp\/v2\/product_tag?post=4709"}],"curies":[{"name":"wp","href":"https:\/\/api.w.org\/{rel}","templated":true}]}}