{"id":4711,"date":"2024-02-07T15:37:50","date_gmt":"2024-02-07T14:37:50","guid":{"rendered":"https:\/\/staging.dalcin.com\/prodotto\/zeolita-dc\/"},"modified":"2024-02-07T15:37:50","modified_gmt":"2024-02-07T14:37:50","slug":"zeolita-dc","status":"publish","type":"product","link":"https:\/\/dalcin.com\/es\/prodotto\/zeolita-dc\/","title":{"rendered":"Zeolita DC"},"content":{"rendered":"","protected":false},"excerpt":{"rendered":"<p>Polvo de roca micronizado rico en clinoptilolita. Adecuado para tratamientos foliares con el fin de reforzar la cut\u00edcula y proteger contra el estr\u00e9s medioambiental y los ataques de plagas. Tambi\u00e9n favorece la persistencia en la hoja de plaguicidas mixtos.<\/p>\n","protected":false},"featured_media":0,"template":"","meta":{"_acf_changed":false,"_seopress_robots_primary_cat":"none","_seopress_titles_title":"","_seopress_titles_desc":"","_seopress_robots_index":""},"product_brand":[],"product_cat":[167],"product_tag":[],"class_list":{"0":"post-4711","1":"product","2":"type-product","3":"status-publish","5":"product_cat-agricultura","7":"first","8":"instock","9":"shipping-taxable","10":"product-type-simple"},"acf":[],"_links":{"self":[{"href":"https:\/\/dalcin.com\/es\/wp-json\/wp\/v2\/product\/4711","targetHints":{"allow":["GET"]}}],"collection":[{"href":"https:\/\/dalcin.com\/es\/wp-json\/wp\/v2\/product"}],"about":[{"href":"https:\/\/dalcin.com\/es\/wp-json\/wp\/v2\/types\/product"}],"wp:attachment":[{"href":"https:\/\/dalcin.com\/es\/wp-json\/wp\/v2\/media?parent=4711"}],"wp:term":[{"taxonomy":"product_brand","embeddable":true,"href":"https:\/\/dalcin.com\/es\/wp-json\/wp\/v2\/product_brand?post=4711"},{"taxonomy":"product_cat","embeddable":true,"href":"https:\/\/dalcin.com\/es\/wp-json\/wp\/v2\/product_cat?post=4711"},{"taxonomy":"product_tag","embeddable":true,"href":"https:\/\/dalcin.com\/es\/wp-json\/wp\/v2\/product_tag?post=4711"}],"curies":[{"name":"wp","href":"https:\/\/api.w.org\/{rel}","templated":true}]}}