{"id":4713,"date":"2024-02-07T15:36:48","date_gmt":"2024-02-07T14:36:48","guid":{"rendered":"https:\/\/staging.dalcin.com\/prodotto\/caolin-dc\/"},"modified":"2024-02-25T08:57:49","modified_gmt":"2024-02-25T07:57:49","slug":"caolin-dc","status":"publish","type":"product","link":"https:\/\/dalcin.com\/es\/prodotto\/caolin-dc\/","title":{"rendered":"Caolino DC"},"content":{"rendered":"","protected":false},"excerpt":{"rendered":"<p>Polvo altamente micronizado, la fina p\u00e1tina blanca depositada sobre las hojas refleja los rayos solares con efectos beneficiosos antiquemaduras y antichoque t\u00e9rmico. La capa depositada sobre hojas y frutos ejerce tambi\u00e9n una importante acci\u00f3n repelente contra los insectos ovipositores.<\/p>\n","protected":false},"featured_media":0,"template":"","meta":{"_acf_changed":false,"_seopress_robots_primary_cat":"none","_seopress_titles_title":"","_seopress_titles_desc":"","_seopress_robots_index":""},"product_brand":[],"product_cat":[167],"product_tag":[],"class_list":{"0":"post-4713","1":"product","2":"type-product","3":"status-publish","5":"product_cat-agricultura","7":"first","8":"instock","9":"shipping-taxable","10":"product-type-simple"},"acf":[],"_links":{"self":[{"href":"https:\/\/dalcin.com\/es\/wp-json\/wp\/v2\/product\/4713","targetHints":{"allow":["GET"]}}],"collection":[{"href":"https:\/\/dalcin.com\/es\/wp-json\/wp\/v2\/product"}],"about":[{"href":"https:\/\/dalcin.com\/es\/wp-json\/wp\/v2\/types\/product"}],"wp:attachment":[{"href":"https:\/\/dalcin.com\/es\/wp-json\/wp\/v2\/media?parent=4713"}],"wp:term":[{"taxonomy":"product_brand","embeddable":true,"href":"https:\/\/dalcin.com\/es\/wp-json\/wp\/v2\/product_brand?post=4713"},{"taxonomy":"product_cat","embeddable":true,"href":"https:\/\/dalcin.com\/es\/wp-json\/wp\/v2\/product_cat?post=4713"},{"taxonomy":"product_tag","embeddable":true,"href":"https:\/\/dalcin.com\/es\/wp-json\/wp\/v2\/product_tag?post=4713"}],"curies":[{"name":"wp","href":"https:\/\/api.w.org\/{rel}","templated":true}]}}