{"id":4726,"date":"2023-10-17T18:21:06","date_gmt":"2023-10-17T16:21:06","guid":{"rendered":"https:\/\/staging.dalcin.com\/prodotto\/agricultura\/"},"modified":"2024-04-03T16:44:34","modified_gmt":"2024-04-03T14:44:34","slug":"agricultura","status":"publish","type":"product","link":"https:\/\/dalcin.com\/es\/prodotto\/agricultura\/","title":{"rendered":"Agricultura"},"content":{"rendered":"","protected":false},"excerpt":{"rendered":"<p>Aglutinante en la formulaci\u00f3n de fertilizantes en gr\u00e1nulos; coformulante natural para productos fitosanitarios en polvo y en formulaci\u00f3n fluida.<\/p>\n","protected":false},"featured_media":0,"template":"","meta":{"_acf_changed":false,"_seopress_robots_primary_cat":"none","_seopress_titles_title":"","_seopress_titles_desc":"","_seopress_robots_index":""},"product_brand":[],"product_cat":[169],"product_tag":[],"class_list":{"0":"post-4726","1":"product","2":"type-product","3":"status-publish","5":"product_cat-bentonitas","7":"first","8":"instock","9":"shipping-taxable","10":"product-type-simple"},"acf":[],"_links":{"self":[{"href":"https:\/\/dalcin.com\/es\/wp-json\/wp\/v2\/product\/4726","targetHints":{"allow":["GET"]}}],"collection":[{"href":"https:\/\/dalcin.com\/es\/wp-json\/wp\/v2\/product"}],"about":[{"href":"https:\/\/dalcin.com\/es\/wp-json\/wp\/v2\/types\/product"}],"wp:attachment":[{"href":"https:\/\/dalcin.com\/es\/wp-json\/wp\/v2\/media?parent=4726"}],"wp:term":[{"taxonomy":"product_brand","embeddable":true,"href":"https:\/\/dalcin.com\/es\/wp-json\/wp\/v2\/product_brand?post=4726"},{"taxonomy":"product_cat","embeddable":true,"href":"https:\/\/dalcin.com\/es\/wp-json\/wp\/v2\/product_cat?post=4726"},{"taxonomy":"product_tag","embeddable":true,"href":"https:\/\/dalcin.com\/es\/wp-json\/wp\/v2\/product_tag?post=4726"}],"curies":[{"name":"wp","href":"https:\/\/api.w.org\/{rel}","templated":true}]}}