{"id":4730,"date":"2023-10-17T18:17:17","date_gmt":"2023-10-17T16:17:17","guid":{"rendered":"https:\/\/staging.dalcin.com\/prodotto\/industria-papelera\/"},"modified":"2023-10-17T18:17:17","modified_gmt":"2023-10-17T16:17:17","slug":"industria-papelera","status":"publish","type":"product","link":"https:\/\/dalcin.com\/es\/prodotto\/industria-papelera\/","title":{"rendered":"Industria papelera"},"content":{"rendered":"","protected":false},"excerpt":{"rendered":"<p>Mejora la eficacia y la calidad de la conversi\u00f3n de pasta en papel. Debido a su capacidad de adsorci\u00f3n, tambi\u00e9n es \u00fatil en el proceso de reciclado para la eliminaci\u00f3n de tinta (efecto antipitch).<\/p>\n","protected":false},"featured_media":0,"template":"","meta":{"_acf_changed":false,"_seopress_robots_primary_cat":"","_seopress_titles_title":"","_seopress_titles_desc":"","_seopress_robots_index":""},"product_brand":[],"product_cat":[169],"product_tag":[],"class_list":{"0":"post-4730","1":"product","2":"type-product","3":"status-publish","5":"product_cat-bentonitas","7":"first","8":"instock","9":"shipping-taxable","10":"product-type-simple"},"acf":[],"_links":{"self":[{"href":"https:\/\/dalcin.com\/es\/wp-json\/wp\/v2\/product\/4730","targetHints":{"allow":["GET"]}}],"collection":[{"href":"https:\/\/dalcin.com\/es\/wp-json\/wp\/v2\/product"}],"about":[{"href":"https:\/\/dalcin.com\/es\/wp-json\/wp\/v2\/types\/product"}],"wp:attachment":[{"href":"https:\/\/dalcin.com\/es\/wp-json\/wp\/v2\/media?parent=4730"}],"wp:term":[{"taxonomy":"product_brand","embeddable":true,"href":"https:\/\/dalcin.com\/es\/wp-json\/wp\/v2\/product_brand?post=4730"},{"taxonomy":"product_cat","embeddable":true,"href":"https:\/\/dalcin.com\/es\/wp-json\/wp\/v2\/product_cat?post=4730"},{"taxonomy":"product_tag","embeddable":true,"href":"https:\/\/dalcin.com\/es\/wp-json\/wp\/v2\/product_tag?post=4730"}],"curies":[{"name":"wp","href":"https:\/\/api.w.org\/{rel}","templated":true}]}}