{"id":4731,"date":"2023-10-17T18:16:31","date_gmt":"2023-10-17T16:16:31","guid":{"rendered":"https:\/\/staging.dalcin.com\/prodotto\/industria-ceramica\/"},"modified":"2023-10-17T18:16:31","modified_gmt":"2023-10-17T16:16:31","slug":"industria-ceramica","status":"publish","type":"product","link":"https:\/\/dalcin.com\/es\/prodotto\/industria-ceramica\/","title":{"rendered":"Industria cer\u00e1mica"},"content":{"rendered":"","protected":false},"excerpt":{"rendered":"<p>Componente plastificante de mezclas cer\u00e1micas, azulejos, esmaltes y cer\u00e1mica sanitaria.<\/p>\n","protected":false},"featured_media":0,"template":"","meta":{"_acf_changed":false,"_seopress_robots_primary_cat":"","_seopress_titles_title":"","_seopress_titles_desc":"","_seopress_robots_index":""},"product_brand":[],"product_cat":[169],"product_tag":[],"class_list":{"0":"post-4731","1":"product","2":"type-product","3":"status-publish","5":"product_cat-bentonitas","7":"first","8":"instock","9":"shipping-taxable","10":"product-type-simple"},"acf":[],"_links":{"self":[{"href":"https:\/\/dalcin.com\/es\/wp-json\/wp\/v2\/product\/4731","targetHints":{"allow":["GET"]}}],"collection":[{"href":"https:\/\/dalcin.com\/es\/wp-json\/wp\/v2\/product"}],"about":[{"href":"https:\/\/dalcin.com\/es\/wp-json\/wp\/v2\/types\/product"}],"wp:attachment":[{"href":"https:\/\/dalcin.com\/es\/wp-json\/wp\/v2\/media?parent=4731"}],"wp:term":[{"taxonomy":"product_brand","embeddable":true,"href":"https:\/\/dalcin.com\/es\/wp-json\/wp\/v2\/product_brand?post=4731"},{"taxonomy":"product_cat","embeddable":true,"href":"https:\/\/dalcin.com\/es\/wp-json\/wp\/v2\/product_cat?post=4731"},{"taxonomy":"product_tag","embeddable":true,"href":"https:\/\/dalcin.com\/es\/wp-json\/wp\/v2\/product_tag?post=4731"}],"curies":[{"name":"wp","href":"https:\/\/api.w.org\/{rel}","templated":true}]}}