{"id":4732,"date":"2023-10-17T18:15:40","date_gmt":"2023-10-17T16:15:40","guid":{"rendered":"https:\/\/staging.dalcin.com\/prodotto\/alimentacion\/"},"modified":"2023-10-17T18:15:40","modified_gmt":"2023-10-17T16:15:40","slug":"alimentacion","status":"publish","type":"product","link":"https:\/\/dalcin.com\/es\/prodotto\/alimentacion\/","title":{"rendered":"Alimentaci\u00f3n"},"content":{"rendered":"","protected":false},"excerpt":{"rendered":"<p>La capacidad aglutinante de la bentonita se aprovecha en la producci\u00f3n de pellets, lo que tambi\u00e9n hace m\u00e1s eficiente la extracci\u00f3n. Como aditivo para piensos, aprovecha el poder adsorbente de captura y eliminaci\u00f3n de micotoxinas especialmente eficaz.<\/p>\n","protected":false},"featured_media":0,"template":"","meta":{"_acf_changed":false,"_seopress_robots_primary_cat":"","_seopress_titles_title":"","_seopress_titles_desc":"","_seopress_robots_index":""},"product_brand":[],"product_cat":[169],"product_tag":[],"class_list":{"0":"post-4732","1":"product","2":"type-product","3":"status-publish","5":"product_cat-bentonitas","7":"first","8":"instock","9":"shipping-taxable","10":"product-type-simple"},"acf":[],"_links":{"self":[{"href":"https:\/\/dalcin.com\/es\/wp-json\/wp\/v2\/product\/4732","targetHints":{"allow":["GET"]}}],"collection":[{"href":"https:\/\/dalcin.com\/es\/wp-json\/wp\/v2\/product"}],"about":[{"href":"https:\/\/dalcin.com\/es\/wp-json\/wp\/v2\/types\/product"}],"wp:attachment":[{"href":"https:\/\/dalcin.com\/es\/wp-json\/wp\/v2\/media?parent=4732"}],"wp:term":[{"taxonomy":"product_brand","embeddable":true,"href":"https:\/\/dalcin.com\/es\/wp-json\/wp\/v2\/product_brand?post=4732"},{"taxonomy":"product_cat","embeddable":true,"href":"https:\/\/dalcin.com\/es\/wp-json\/wp\/v2\/product_cat?post=4732"},{"taxonomy":"product_tag","embeddable":true,"href":"https:\/\/dalcin.com\/es\/wp-json\/wp\/v2\/product_tag?post=4732"}],"curies":[{"name":"wp","href":"https:\/\/api.w.org\/{rel}","templated":true}]}}