{"id":4743,"date":"2023-10-17T17:24:40","date_gmt":"2023-10-17T15:24:40","guid":{"rendered":"https:\/\/staging.dalcin.com\/prodotto\/vinolok-18-2-capsula-larga\/"},"modified":"2023-10-17T17:24:40","modified_gmt":"2023-10-17T15:24:40","slug":"vinolok-18-2-capsula-larga","status":"publish","type":"product","link":"https:\/\/dalcin.com\/es\/prodotto\/vinolok-18-2-capsula-larga\/","title":{"rendered":"VINOLOK 18.2 + C\u00c1PSULA LARGA"},"content":{"rendered":"","protected":false},"excerpt":{"rendered":"<p>El tap\u00f3n en el formato original con la c\u00e1psula alargada para el envasado tradicional. Tambi\u00e9n disponible con High Top<\/p>\n","protected":false},"featured_media":0,"template":"","meta":{"_acf_changed":false,"_seopress_robots_primary_cat":"none","_seopress_titles_title":"","_seopress_titles_desc":"","_seopress_robots_index":""},"product_brand":[],"product_cat":[171],"product_tag":[175],"class_list":{"0":"post-4743","1":"product","2":"type-product","3":"status-publish","5":"product_cat-tapon-de-cristal","6":"product_tag-tienes-una-botella-vinolok-baga-sin-el-diente","8":"first","9":"instock","10":"shipping-taxable","11":"product-type-simple"},"acf":[],"_links":{"self":[{"href":"https:\/\/dalcin.com\/es\/wp-json\/wp\/v2\/product\/4743","targetHints":{"allow":["GET"]}}],"collection":[{"href":"https:\/\/dalcin.com\/es\/wp-json\/wp\/v2\/product"}],"about":[{"href":"https:\/\/dalcin.com\/es\/wp-json\/wp\/v2\/types\/product"}],"wp:attachment":[{"href":"https:\/\/dalcin.com\/es\/wp-json\/wp\/v2\/media?parent=4743"}],"wp:term":[{"taxonomy":"product_brand","embeddable":true,"href":"https:\/\/dalcin.com\/es\/wp-json\/wp\/v2\/product_brand?post=4743"},{"taxonomy":"product_cat","embeddable":true,"href":"https:\/\/dalcin.com\/es\/wp-json\/wp\/v2\/product_cat?post=4743"},{"taxonomy":"product_tag","embeddable":true,"href":"https:\/\/dalcin.com\/es\/wp-json\/wp\/v2\/product_tag?post=4743"}],"curies":[{"name":"wp","href":"https:\/\/api.w.org\/{rel}","templated":true}]}}