{"id":4745,"date":"2023-10-17T17:16:52","date_gmt":"2023-10-17T15:16:52","guid":{"rendered":"https:\/\/staging.dalcin.com\/prodotto\/vinolok-18-2-alucap\/"},"modified":"2023-10-17T17:16:52","modified_gmt":"2023-10-17T15:16:52","slug":"vinolok-18-2-alucap","status":"publish","type":"product","link":"https:\/\/dalcin.com\/es\/prodotto\/vinolok-18-2-alucap\/","title":{"rendered":"VINOLOK 18.2 + ALUCAP"},"content":{"rendered":"","protected":false},"excerpt":{"rendered":"<p>El tap\u00f3n en el formato original con la c\u00e1psula corta para envases de alta tecnolog\u00eda.<\/p>\n","protected":false},"featured_media":0,"template":"","meta":{"_acf_changed":false,"_seopress_robots_primary_cat":"none","_seopress_titles_title":"","_seopress_titles_desc":"","_seopress_robots_index":""},"product_brand":[],"product_cat":[171],"product_tag":[176],"class_list":{"0":"post-4745","1":"product","2":"type-product","3":"status-publish","5":"product_cat-tapon-de-cristal","6":"product_tag-tienes-una-botella-baga-vinolok-con-un-diente","8":"first","9":"instock","10":"shipping-taxable","11":"product-type-simple"},"acf":[],"_links":{"self":[{"href":"https:\/\/dalcin.com\/es\/wp-json\/wp\/v2\/product\/4745","targetHints":{"allow":["GET"]}}],"collection":[{"href":"https:\/\/dalcin.com\/es\/wp-json\/wp\/v2\/product"}],"about":[{"href":"https:\/\/dalcin.com\/es\/wp-json\/wp\/v2\/types\/product"}],"wp:attachment":[{"href":"https:\/\/dalcin.com\/es\/wp-json\/wp\/v2\/media?parent=4745"}],"wp:term":[{"taxonomy":"product_brand","embeddable":true,"href":"https:\/\/dalcin.com\/es\/wp-json\/wp\/v2\/product_brand?post=4745"},{"taxonomy":"product_cat","embeddable":true,"href":"https:\/\/dalcin.com\/es\/wp-json\/wp\/v2\/product_cat?post=4745"},{"taxonomy":"product_tag","embeddable":true,"href":"https:\/\/dalcin.com\/es\/wp-json\/wp\/v2\/product_tag?post=4745"}],"curies":[{"name":"wp","href":"https:\/\/api.w.org\/{rel}","templated":true}]}}