{"id":4756,"date":"2023-10-17T16:37:40","date_gmt":"2023-10-17T14:37:40","guid":{"rendered":"https:\/\/staging.dalcin.com\/prodotto\/victoria\/"},"modified":"2023-10-17T16:37:40","modified_gmt":"2023-10-17T14:37:40","slug":"victoria","status":"publish","type":"product","link":"https:\/\/dalcin.com\/es\/prodotto\/victoria\/","title":{"rendered":"VICTORIA"},"content":{"rendered":"","protected":false},"excerpt":{"rendered":"<p>Tap\u00f3n \u00abchampi\u00f1\u00f3n\u00bb de doble densidad patentado en Europa para vinos espumosos con una neutralidad y estanqueidad excepcionales: presenta la permeabilidad al ox\u00edgeno (OTR) m\u00e1s baja de todos los tapones declarados (an\u00e1lisis realizado por el laboratorio de an\u00e1lisis y certificaci\u00f3n<\/p>\n","protected":false},"featured_media":0,"template":"","meta":{"_acf_changed":false,"_seopress_robots_primary_cat":"none","_seopress_titles_title":"","_seopress_titles_desc":"","_seopress_robots_index":""},"product_brand":[],"product_cat":[180],"product_tag":[182],"class_list":{"0":"post-4756","1":"product","2":"type-product","3":"status-publish","5":"product_cat-gorro-sintetico","6":"product_tag-vinos-espumosos-es","8":"first","9":"instock","10":"shipping-taxable","11":"product-type-simple"},"acf":[],"_links":{"self":[{"href":"https:\/\/dalcin.com\/es\/wp-json\/wp\/v2\/product\/4756","targetHints":{"allow":["GET"]}}],"collection":[{"href":"https:\/\/dalcin.com\/es\/wp-json\/wp\/v2\/product"}],"about":[{"href":"https:\/\/dalcin.com\/es\/wp-json\/wp\/v2\/types\/product"}],"wp:attachment":[{"href":"https:\/\/dalcin.com\/es\/wp-json\/wp\/v2\/media?parent=4756"}],"wp:term":[{"taxonomy":"product_brand","embeddable":true,"href":"https:\/\/dalcin.com\/es\/wp-json\/wp\/v2\/product_brand?post=4756"},{"taxonomy":"product_cat","embeddable":true,"href":"https:\/\/dalcin.com\/es\/wp-json\/wp\/v2\/product_cat?post=4756"},{"taxonomy":"product_tag","embeddable":true,"href":"https:\/\/dalcin.com\/es\/wp-json\/wp\/v2\/product_tag?post=4756"}],"curies":[{"name":"wp","href":"https:\/\/api.w.org\/{rel}","templated":true}]}}