{"id":4759,"date":"2023-10-17T16:35:16","date_gmt":"2023-10-17T14:35:16","guid":{"rendered":"https:\/\/staging.dalcin.com\/prodotto\/mpe-704\/"},"modified":"2023-10-17T16:35:16","modified_gmt":"2023-10-17T14:35:16","slug":"mpe-704","status":"publish","type":"product","link":"https:\/\/dalcin.com\/es\/prodotto\/mpe-704\/","title":{"rendered":"MPE 704"},"content":{"rendered":"","protected":false},"excerpt":{"rendered":"<p>El complejo de vinos espumosos dedicado al mercado de los grandes embotelladores. MP-E mantiene el ritual del descorche tradicional y garantiza la uniformidad y rentabilidad de la producci\u00f3n industrial. La composici\u00f3n exclusiva prev\u00e9 la implantaci\u00f3n<\/p>\n","protected":false},"featured_media":0,"template":"","meta":{"_acf_changed":false,"_seopress_robots_primary_cat":"","_seopress_titles_title":"","_seopress_titles_desc":"","_seopress_robots_index":""},"product_brand":[],"product_cat":[180],"product_tag":[178],"class_list":{"0":"post-4759","1":"product","2":"type-product","3":"status-publish","5":"product_cat-gorro-sintetico","6":"product_tag-vinos-espumosos","8":"first","9":"instock","10":"shipping-taxable","11":"product-type-simple"},"acf":[],"_links":{"self":[{"href":"https:\/\/dalcin.com\/es\/wp-json\/wp\/v2\/product\/4759","targetHints":{"allow":["GET"]}}],"collection":[{"href":"https:\/\/dalcin.com\/es\/wp-json\/wp\/v2\/product"}],"about":[{"href":"https:\/\/dalcin.com\/es\/wp-json\/wp\/v2\/types\/product"}],"wp:attachment":[{"href":"https:\/\/dalcin.com\/es\/wp-json\/wp\/v2\/media?parent=4759"}],"wp:term":[{"taxonomy":"product_brand","embeddable":true,"href":"https:\/\/dalcin.com\/es\/wp-json\/wp\/v2\/product_brand?post=4759"},{"taxonomy":"product_cat","embeddable":true,"href":"https:\/\/dalcin.com\/es\/wp-json\/wp\/v2\/product_cat?post=4759"},{"taxonomy":"product_tag","embeddable":true,"href":"https:\/\/dalcin.com\/es\/wp-json\/wp\/v2\/product_tag?post=4759"}],"curies":[{"name":"wp","href":"https:\/\/api.w.org\/{rel}","templated":true}]}}