{"id":4762,"date":"2023-10-17T16:27:26","date_gmt":"2023-10-17T14:27:26","guid":{"rendered":"https:\/\/staging.dalcin.com\/prodotto\/art-up-t1\/"},"modified":"2024-04-09T16:47:03","modified_gmt":"2024-04-09T14:47:03","slug":"art-up-t1","status":"publish","type":"product","link":"https:\/\/dalcin.com\/es\/prodotto\/art-up-t1\/","title":{"rendered":"Art-up T1"},"content":{"rendered":"","protected":false},"excerpt":{"rendered":"<p>El compuesto Art-Up\u00ae espec\u00edfico para vinos espumosos. Su composici\u00f3n \u00fanica utiliza materiales que mantienen la estructura del corcho bajo fuertes tensiones t\u00e9rmicas. Adem\u00e1s, la inercia de los materiales impide la extracci\u00f3n<\/p>\n","protected":false},"featured_media":0,"template":"","meta":{"_acf_changed":false,"_seopress_robots_primary_cat":"none","_seopress_titles_title":"","_seopress_titles_desc":"","_seopress_robots_index":""},"product_brand":[],"product_cat":[180],"product_tag":[178],"class_list":{"0":"post-4762","1":"product","2":"type-product","3":"status-publish","5":"product_cat-gorro-sintetico","6":"product_tag-vinos-espumosos","8":"first","9":"instock","10":"shipping-taxable","11":"product-type-simple"},"acf":[],"_links":{"self":[{"href":"https:\/\/dalcin.com\/es\/wp-json\/wp\/v2\/product\/4762","targetHints":{"allow":["GET"]}}],"collection":[{"href":"https:\/\/dalcin.com\/es\/wp-json\/wp\/v2\/product"}],"about":[{"href":"https:\/\/dalcin.com\/es\/wp-json\/wp\/v2\/types\/product"}],"wp:attachment":[{"href":"https:\/\/dalcin.com\/es\/wp-json\/wp\/v2\/media?parent=4762"}],"wp:term":[{"taxonomy":"product_brand","embeddable":true,"href":"https:\/\/dalcin.com\/es\/wp-json\/wp\/v2\/product_brand?post=4762"},{"taxonomy":"product_cat","embeddable":true,"href":"https:\/\/dalcin.com\/es\/wp-json\/wp\/v2\/product_cat?post=4762"},{"taxonomy":"product_tag","embeddable":true,"href":"https:\/\/dalcin.com\/es\/wp-json\/wp\/v2\/product_tag?post=4762"}],"curies":[{"name":"wp","href":"https:\/\/api.w.org\/{rel}","templated":true}]}}