{"id":4777,"date":"2023-10-17T15:45:19","date_gmt":"2023-10-17T13:45:19","guid":{"rendered":"https:\/\/staging.dalcin.com\/prodotto\/rotor\/"},"modified":"2023-10-17T15:45:19","modified_gmt":"2023-10-17T13:45:19","slug":"rotor","status":"publish","type":"product","link":"https:\/\/dalcin.com\/es\/prodotto\/rotor\/","title":{"rendered":"Rotor"},"content":{"rendered":"","protected":false},"excerpt":{"rendered":"<p>La tecnolog\u00eda sustituye a la materia y las gorras se vuelven m\u00e1s ligeras y ecol\u00f3gicas. El menor impacto medioambiental de los tapones sint\u00e9ticos en comparaci\u00f3n con los tapones de corcho, en un principio s\u00f3lo debido a la posibilidad de reciclado, es hoy, gracias a la<\/p>\n","protected":false},"featured_media":0,"template":"","meta":{"_acf_changed":false,"_seopress_robots_primary_cat":"","_seopress_titles_title":"","_seopress_titles_desc":"","_seopress_robots_index":""},"product_brand":[],"product_cat":[180],"product_tag":[179],"class_list":{"0":"post-4777","1":"product","2":"type-product","3":"status-publish","5":"product_cat-gorro-sintetico","6":"product_tag-vinos-tranquilos","8":"first","9":"instock","10":"shipping-taxable","11":"product-type-simple"},"acf":[],"_links":{"self":[{"href":"https:\/\/dalcin.com\/es\/wp-json\/wp\/v2\/product\/4777","targetHints":{"allow":["GET"]}}],"collection":[{"href":"https:\/\/dalcin.com\/es\/wp-json\/wp\/v2\/product"}],"about":[{"href":"https:\/\/dalcin.com\/es\/wp-json\/wp\/v2\/types\/product"}],"wp:attachment":[{"href":"https:\/\/dalcin.com\/es\/wp-json\/wp\/v2\/media?parent=4777"}],"wp:term":[{"taxonomy":"product_brand","embeddable":true,"href":"https:\/\/dalcin.com\/es\/wp-json\/wp\/v2\/product_brand?post=4777"},{"taxonomy":"product_cat","embeddable":true,"href":"https:\/\/dalcin.com\/es\/wp-json\/wp\/v2\/product_cat?post=4777"},{"taxonomy":"product_tag","embeddable":true,"href":"https:\/\/dalcin.com\/es\/wp-json\/wp\/v2\/product_tag?post=4777"}],"curies":[{"name":"wp","href":"https:\/\/api.w.org\/{rel}","templated":true}]}}