{"id":4778,"date":"2023-10-17T15:44:15","date_gmt":"2023-10-17T13:44:15","guid":{"rendered":"https:\/\/staging.dalcin.com\/prodotto\/art-up-t10\/"},"modified":"2023-10-17T15:44:15","modified_gmt":"2023-10-17T13:44:15","slug":"art-up-t10","status":"publish","type":"product","link":"https:\/\/dalcin.com\/es\/prodotto\/art-up-t10\/","title":{"rendered":"Art-up T10"},"content":{"rendered":"","protected":false},"excerpt":{"rendered":"<p>El compuesto Art-Up\u00ae dedicado a quienes prefieren una extracci\u00f3n f\u00e1cil y un envejecimiento prolongado en botella. Su composici\u00f3n \u00fanica incluye el uso de materiales basados en gran medida en el caucho (elast\u00f3meros).<\/p>\n","protected":false},"featured_media":0,"template":"","meta":{"_acf_changed":false,"_seopress_robots_primary_cat":"","_seopress_titles_title":"","_seopress_titles_desc":"","_seopress_robots_index":""},"product_brand":[],"product_cat":[180],"product_tag":[179],"class_list":{"0":"post-4778","1":"product","2":"type-product","3":"status-publish","5":"product_cat-gorro-sintetico","6":"product_tag-vinos-tranquilos","8":"first","9":"instock","10":"shipping-taxable","11":"product-type-simple"},"acf":[],"_links":{"self":[{"href":"https:\/\/dalcin.com\/es\/wp-json\/wp\/v2\/product\/4778","targetHints":{"allow":["GET"]}}],"collection":[{"href":"https:\/\/dalcin.com\/es\/wp-json\/wp\/v2\/product"}],"about":[{"href":"https:\/\/dalcin.com\/es\/wp-json\/wp\/v2\/types\/product"}],"wp:attachment":[{"href":"https:\/\/dalcin.com\/es\/wp-json\/wp\/v2\/media?parent=4778"}],"wp:term":[{"taxonomy":"product_brand","embeddable":true,"href":"https:\/\/dalcin.com\/es\/wp-json\/wp\/v2\/product_brand?post=4778"},{"taxonomy":"product_cat","embeddable":true,"href":"https:\/\/dalcin.com\/es\/wp-json\/wp\/v2\/product_cat?post=4778"},{"taxonomy":"product_tag","embeddable":true,"href":"https:\/\/dalcin.com\/es\/wp-json\/wp\/v2\/product_tag?post=4778"}],"curies":[{"name":"wp","href":"https:\/\/api.w.org\/{rel}","templated":true}]}}