{"id":4781,"date":"2023-10-17T15:42:28","date_gmt":"2023-10-17T13:42:28","guid":{"rendered":"https:\/\/staging.dalcin.com\/prodotto\/art-up-t3\/"},"modified":"2024-04-09T16:47:01","modified_gmt":"2024-04-09T14:47:01","slug":"art-up-t3","status":"publish","type":"product","link":"https:\/\/dalcin.com\/es\/prodotto\/art-up-t3\/","title":{"rendered":"Art-up T3"},"content":{"rendered":"","protected":false},"excerpt":{"rendered":"<p>El compuesto exclusivo m\u00e1s utilizado en la producci\u00f3n de tapones sint\u00e9ticos Art-Up\u00ae. Desarrollada a finales de los a\u00f1os 90 en colaboraci\u00f3n con una multinacional del pl\u00e1stico y en continua evoluci\u00f3n gracias a la investigaci\u00f3n y el<\/p>\n","protected":false},"featured_media":0,"template":"","meta":{"_acf_changed":false,"_seopress_robots_primary_cat":"none","_seopress_titles_title":"","_seopress_titles_desc":"","_seopress_robots_index":""},"product_brand":[],"product_cat":[180],"product_tag":[179],"class_list":{"0":"post-4781","1":"product","2":"type-product","3":"status-publish","5":"product_cat-gorro-sintetico","6":"product_tag-vinos-tranquilos","8":"first","9":"instock","10":"shipping-taxable","11":"product-type-simple"},"acf":[],"_links":{"self":[{"href":"https:\/\/dalcin.com\/es\/wp-json\/wp\/v2\/product\/4781","targetHints":{"allow":["GET"]}}],"collection":[{"href":"https:\/\/dalcin.com\/es\/wp-json\/wp\/v2\/product"}],"about":[{"href":"https:\/\/dalcin.com\/es\/wp-json\/wp\/v2\/types\/product"}],"wp:attachment":[{"href":"https:\/\/dalcin.com\/es\/wp-json\/wp\/v2\/media?parent=4781"}],"wp:term":[{"taxonomy":"product_brand","embeddable":true,"href":"https:\/\/dalcin.com\/es\/wp-json\/wp\/v2\/product_brand?post=4781"},{"taxonomy":"product_cat","embeddable":true,"href":"https:\/\/dalcin.com\/es\/wp-json\/wp\/v2\/product_cat?post=4781"},{"taxonomy":"product_tag","embeddable":true,"href":"https:\/\/dalcin.com\/es\/wp-json\/wp\/v2\/product_tag?post=4781"}],"curies":[{"name":"wp","href":"https:\/\/api.w.org\/{rel}","templated":true}]}}