{"id":4788,"date":"2023-10-17T15:20:19","date_gmt":"2023-10-17T13:20:19","guid":{"rendered":"https:\/\/staging.dalcin.com\/prodotto\/vks-dc\/"},"modified":"2024-04-12T00:09:52","modified_gmt":"2024-04-11T22:09:52","slug":"vks-dc","status":"publish","type":"product","link":"https:\/\/dalcin.com\/es\/prodotto\/vks-dc\/","title":{"rendered":"VKS-DC"},"content":{"rendered":"","protected":false},"excerpt":{"rendered":"<p>Detergente oxidante con acci\u00f3n higienizante secundaria, para el tratamiento de instalaciones, dep\u00f3sitos, equipos, l\u00edneas de embotellado y microfiltraci\u00f3n<\/p>\n","protected":false},"featured_media":0,"template":"","meta":{"_acf_changed":false,"_seopress_robots_primary_cat":"none","_seopress_titles_title":"","_seopress_titles_desc":"","_seopress_robots_index":""},"product_brand":[],"product_cat":[184],"product_tag":[186],"class_list":{"0":"post-4788","1":"product","2":"type-product","3":"status-publish","5":"product_cat-limpieza","6":"product_tag-otro-detergentes","8":"first","9":"instock","10":"shipping-taxable","11":"product-type-simple"},"acf":[],"_links":{"self":[{"href":"https:\/\/dalcin.com\/es\/wp-json\/wp\/v2\/product\/4788","targetHints":{"allow":["GET"]}}],"collection":[{"href":"https:\/\/dalcin.com\/es\/wp-json\/wp\/v2\/product"}],"about":[{"href":"https:\/\/dalcin.com\/es\/wp-json\/wp\/v2\/types\/product"}],"wp:attachment":[{"href":"https:\/\/dalcin.com\/es\/wp-json\/wp\/v2\/media?parent=4788"}],"wp:term":[{"taxonomy":"product_brand","embeddable":true,"href":"https:\/\/dalcin.com\/es\/wp-json\/wp\/v2\/product_brand?post=4788"},{"taxonomy":"product_cat","embeddable":true,"href":"https:\/\/dalcin.com\/es\/wp-json\/wp\/v2\/product_cat?post=4788"},{"taxonomy":"product_tag","embeddable":true,"href":"https:\/\/dalcin.com\/es\/wp-json\/wp\/v2\/product_tag?post=4788"}],"curies":[{"name":"wp","href":"https:\/\/api.w.org\/{rel}","templated":true}]}}