{"id":5879,"date":"2023-10-11T15:55:29","date_gmt":"2023-10-11T13:55:29","guid":{"rendered":"https:\/\/staging.dalcin.com\/prodotto\/bentoflot\/"},"modified":"2024-11-27T17:34:38","modified_gmt":"2024-11-27T16:34:38","slug":"bentoflot","status":"publish","type":"product","link":"https:\/\/dalcin.com\/es\/prodotto\/bentoflot\/","title":{"rendered":"Bentoflot"},"content":{"rendered":"","protected":false},"excerpt":{"rendered":"<p>Bentonita en polvo de alta activaci\u00f3n, especialmente dise\u00f1ada para aplicaciones en flotaci\u00f3n.<\/p>\n","protected":false},"featured_media":0,"template":"","meta":{"_acf_changed":false,"_seopress_robots_primary_cat":"none","_seopress_titles_title":"","_seopress_titles_desc":"","_seopress_robots_index":""},"product_brand":[],"product_cat":[200],"product_tag":[],"class_list":{"0":"post-5879","1":"product","2":"type-product","3":"status-publish","5":"product_cat-bentonitas-es","7":"first","8":"instock","9":"shipping-taxable","10":"product-type-simple"},"acf":[],"_links":{"self":[{"href":"https:\/\/dalcin.com\/es\/wp-json\/wp\/v2\/product\/5879","targetHints":{"allow":["GET"]}}],"collection":[{"href":"https:\/\/dalcin.com\/es\/wp-json\/wp\/v2\/product"}],"about":[{"href":"https:\/\/dalcin.com\/es\/wp-json\/wp\/v2\/types\/product"}],"wp:attachment":[{"href":"https:\/\/dalcin.com\/es\/wp-json\/wp\/v2\/media?parent=5879"}],"wp:term":[{"taxonomy":"product_brand","embeddable":true,"href":"https:\/\/dalcin.com\/es\/wp-json\/wp\/v2\/product_brand?post=5879"},{"taxonomy":"product_cat","embeddable":true,"href":"https:\/\/dalcin.com\/es\/wp-json\/wp\/v2\/product_cat?post=5879"},{"taxonomy":"product_tag","embeddable":true,"href":"https:\/\/dalcin.com\/es\/wp-json\/wp\/v2\/product_tag?post=5879"}],"curies":[{"name":"wp","href":"https:\/\/api.w.org\/{rel}","templated":true}]}}