{"id":5885,"date":"2023-10-06T11:49:49","date_gmt":"2023-10-06T09:49:49","guid":{"rendered":"https:\/\/staging.dalcin.com\/prodotto\/betazina\/"},"modified":"2024-11-27T17:34:57","modified_gmt":"2024-11-27T16:34:57","slug":"betazina","status":"publish","type":"product","link":"https:\/\/dalcin.com\/es\/prodotto\/betazina\/","title":{"rendered":"Betazina"},"content":{"rendered":"","protected":false},"excerpt":{"rendered":"<p>Complejo enzim\u00e1tico con actividad beta-gluconasa y pectol\u00edtica. En envejecimiento en contacto con las l\u00edas aumenta la complejidad del vino y mejora su estabilidad. En vendimias con Botrytis facilita las operaciones de filtrado.<\/p>\n","protected":false},"featured_media":0,"template":"","meta":{"_acf_changed":false,"_seopress_robots_primary_cat":"none","_seopress_titles_title":"","_seopress_titles_desc":"","_seopress_robots_index":""},"product_brand":[],"product_cat":[205],"product_tag":[247],"class_list":{"0":"post-5885","1":"product","2":"type-product","3":"status-publish","5":"product_cat-enzimas","6":"product_tag-afinado","8":"first","9":"instock","10":"shipping-taxable","11":"product-type-simple"},"acf":[],"_links":{"self":[{"href":"https:\/\/dalcin.com\/es\/wp-json\/wp\/v2\/product\/5885","targetHints":{"allow":["GET"]}}],"collection":[{"href":"https:\/\/dalcin.com\/es\/wp-json\/wp\/v2\/product"}],"about":[{"href":"https:\/\/dalcin.com\/es\/wp-json\/wp\/v2\/types\/product"}],"wp:attachment":[{"href":"https:\/\/dalcin.com\/es\/wp-json\/wp\/v2\/media?parent=5885"}],"wp:term":[{"taxonomy":"product_brand","embeddable":true,"href":"https:\/\/dalcin.com\/es\/wp-json\/wp\/v2\/product_brand?post=5885"},{"taxonomy":"product_cat","embeddable":true,"href":"https:\/\/dalcin.com\/es\/wp-json\/wp\/v2\/product_cat?post=5885"},{"taxonomy":"product_tag","embeddable":true,"href":"https:\/\/dalcin.com\/es\/wp-json\/wp\/v2\/product_tag?post=5885"}],"curies":[{"name":"wp","href":"https:\/\/api.w.org\/{rel}","templated":true}]}}