{"id":5888,"date":"2023-10-03T17:16:57","date_gmt":"2023-10-03T15:16:57","guid":{"rendered":"https:\/\/staging.dalcin.com\/prodotto\/bio-s-free\/"},"modified":"2024-11-27T17:35:27","modified_gmt":"2024-11-27T16:35:27","slug":"bio-s-free","status":"publish","type":"product","link":"https:\/\/dalcin.com\/es\/prodotto\/bio-s-free\/","title":{"rendered":"Bio S-Free"},"content":{"rendered":"","protected":false},"excerpt":{"rendered":"<p>Complemento nutricional que puede ser usado tanto al inicio como en el primer tercio de la fermentaci\u00f3n. No contiene sulfato de amonio y su uso est\u00e1 particularmente indicado en mostos que desarrollan f\u00e1cilmente notas de reducci\u00f3n.<\/p>\n","protected":false},"featured_media":0,"template":"","meta":{"_acf_changed":false,"_seopress_robots_primary_cat":"none","_seopress_titles_title":"","_seopress_titles_desc":"","_seopress_robots_index":""},"product_brand":[],"product_cat":[223],"product_tag":[294],"class_list":{"0":"post-5888","1":"product","2":"type-product","3":"status-publish","5":"product_cat-nutrientes-es","6":"product_tag-nutrientes-complejos","8":"first","9":"instock","10":"shipping-taxable","11":"product-type-simple"},"acf":[],"_links":{"self":[{"href":"https:\/\/dalcin.com\/es\/wp-json\/wp\/v2\/product\/5888","targetHints":{"allow":["GET"]}}],"collection":[{"href":"https:\/\/dalcin.com\/es\/wp-json\/wp\/v2\/product"}],"about":[{"href":"https:\/\/dalcin.com\/es\/wp-json\/wp\/v2\/types\/product"}],"wp:attachment":[{"href":"https:\/\/dalcin.com\/es\/wp-json\/wp\/v2\/media?parent=5888"}],"wp:term":[{"taxonomy":"product_brand","embeddable":true,"href":"https:\/\/dalcin.com\/es\/wp-json\/wp\/v2\/product_brand?post=5888"},{"taxonomy":"product_cat","embeddable":true,"href":"https:\/\/dalcin.com\/es\/wp-json\/wp\/v2\/product_cat?post=5888"},{"taxonomy":"product_tag","embeddable":true,"href":"https:\/\/dalcin.com\/es\/wp-json\/wp\/v2\/product_tag?post=5888"}],"curies":[{"name":"wp","href":"https:\/\/api.w.org\/{rel}","templated":true}]}}