{"id":5891,"date":"2023-10-03T17:19:04","date_gmt":"2023-10-03T15:19:04","guid":{"rendered":"https:\/\/staging.dalcin.com\/prodotto\/bioattivante\/"},"modified":"2024-11-27T17:35:37","modified_gmt":"2024-11-27T16:35:37","slug":"bioattivante","status":"publish","type":"product","link":"https:\/\/dalcin.com\/es\/prodotto\/bioattivante\/","title":{"rendered":"Bioattivante"},"content":{"rendered":"","protected":false},"excerpt":{"rendered":"<p>Activador y regulador completo de la fermentaci\u00f3n alcoh\u00f3lica. Re\u00fane los factores nutricionales y reguladores que necesita la levadura en las partes m\u00e1s delicadas de la fermentaci\u00f3n.<\/p>\n","protected":false},"featured_media":5894,"template":"","meta":{"_acf_changed":false,"_seopress_robots_primary_cat":"none","_seopress_titles_title":"","_seopress_titles_desc":"","_seopress_robots_index":""},"product_brand":[],"product_cat":[223],"product_tag":[294],"class_list":{"0":"post-5891","1":"product","2":"type-product","3":"status-publish","4":"has-post-thumbnail","6":"product_cat-nutrientes-es","7":"product_tag-nutrientes-complejos","9":"first","10":"instock","11":"shipping-taxable","12":"product-type-simple"},"acf":[],"_links":{"self":[{"href":"https:\/\/dalcin.com\/es\/wp-json\/wp\/v2\/product\/5891","targetHints":{"allow":["GET"]}}],"collection":[{"href":"https:\/\/dalcin.com\/es\/wp-json\/wp\/v2\/product"}],"about":[{"href":"https:\/\/dalcin.com\/es\/wp-json\/wp\/v2\/types\/product"}],"wp:featuredmedia":[{"embeddable":true,"href":"https:\/\/dalcin.com\/es\/wp-json\/wp\/v2\/media\/5894"}],"wp:attachment":[{"href":"https:\/\/dalcin.com\/es\/wp-json\/wp\/v2\/media?parent=5891"}],"wp:term":[{"taxonomy":"product_brand","embeddable":true,"href":"https:\/\/dalcin.com\/es\/wp-json\/wp\/v2\/product_brand?post=5891"},{"taxonomy":"product_cat","embeddable":true,"href":"https:\/\/dalcin.com\/es\/wp-json\/wp\/v2\/product_cat?post=5891"},{"taxonomy":"product_tag","embeddable":true,"href":"https:\/\/dalcin.com\/es\/wp-json\/wp\/v2\/product_tag?post=5891"}],"curies":[{"name":"wp","href":"https:\/\/api.w.org\/{rel}","templated":true}]}}