{"id":5895,"date":"2023-10-03T10:26:32","date_gmt":"2023-10-03T08:26:32","guid":{"rendered":"https:\/\/staging.dalcin.com\/prodotto\/biodiva\/"},"modified":"2023-10-03T10:26:32","modified_gmt":"2023-10-03T08:26:32","slug":"biodiva","status":"publish","type":"product","link":"https:\/\/dalcin.com\/es\/prodotto\/biodiva\/","title":{"rendered":"Biodiva"},"content":{"rendered":"","protected":false},"excerpt":{"rendered":"<p>Torulaspora delbrueckii para la producci\u00f3n arom\u00e1tica en vinos blancos, tintos y rosados. Limita la producci\u00f3n de acidez vol\u00e1til en los vinos pasificados.<\/p>\n","protected":false},"featured_media":13592,"template":"","meta":{"_acf_changed":false,"_seopress_robots_primary_cat":"none","_seopress_titles_title":"","_seopress_titles_desc":"","_seopress_robots_index":""},"product_brand":[],"product_cat":[164],"product_tag":[307,165,345,166,346],"class_list":{"0":"post-5895","1":"product","2":"type-product","3":"status-publish","4":"has-post-thumbnail","6":"product_cat-levaduras","7":"product_tag-non-saccharomyces-es","8":"product_tag-vinos-blancos","9":"product_tag-vinos-de-postre","10":"product_tag-vinos-rosados","11":"product_tag-vinos-tintos","13":"first","14":"instock","15":"shipping-taxable","16":"product-type-simple"},"acf":[],"_links":{"self":[{"href":"https:\/\/dalcin.com\/es\/wp-json\/wp\/v2\/product\/5895","targetHints":{"allow":["GET"]}}],"collection":[{"href":"https:\/\/dalcin.com\/es\/wp-json\/wp\/v2\/product"}],"about":[{"href":"https:\/\/dalcin.com\/es\/wp-json\/wp\/v2\/types\/product"}],"wp:featuredmedia":[{"embeddable":true,"href":"https:\/\/dalcin.com\/es\/wp-json\/wp\/v2\/media\/13592"}],"wp:attachment":[{"href":"https:\/\/dalcin.com\/es\/wp-json\/wp\/v2\/media?parent=5895"}],"wp:term":[{"taxonomy":"product_brand","embeddable":true,"href":"https:\/\/dalcin.com\/es\/wp-json\/wp\/v2\/product_brand?post=5895"},{"taxonomy":"product_cat","embeddable":true,"href":"https:\/\/dalcin.com\/es\/wp-json\/wp\/v2\/product_cat?post=5895"},{"taxonomy":"product_tag","embeddable":true,"href":"https:\/\/dalcin.com\/es\/wp-json\/wp\/v2\/product_tag?post=5895"}],"curies":[{"name":"wp","href":"https:\/\/api.w.org\/{rel}","templated":true}]}}