{"id":5899,"date":"2023-10-17T14:55:03","date_gmt":"2023-10-17T12:55:03","guid":{"rendered":"https:\/\/staging.dalcin.com\/prodotto\/bioxan\/"},"modified":"2024-11-27T17:43:11","modified_gmt":"2024-11-27T16:43:11","slug":"bioxan","status":"publish","type":"product","link":"https:\/\/dalcin.com\/es\/prodotto\/bioxan\/","title":{"rendered":"Bioxan"},"content":{"rendered":"","protected":false},"excerpt":{"rendered":"<p>Detergente a base de \u00e1cido per\u00e1cetico para instalaciones de embotellado y l\u00edneas de producci\u00f3n.<\/p>\n","protected":false},"featured_media":5901,"template":"","meta":{"_acf_changed":false,"_seopress_robots_primary_cat":"none","_seopress_titles_title":"","_seopress_titles_desc":"","_seopress_robots_index":""},"product_brand":[],"product_cat":[184],"product_tag":[186],"class_list":{"0":"post-5899","1":"product","2":"type-product","3":"status-publish","4":"has-post-thumbnail","6":"product_cat-limpieza","7":"product_tag-otro-detergentes","9":"first","10":"instock","11":"shipping-taxable","12":"product-type-simple"},"acf":[],"_links":{"self":[{"href":"https:\/\/dalcin.com\/es\/wp-json\/wp\/v2\/product\/5899","targetHints":{"allow":["GET"]}}],"collection":[{"href":"https:\/\/dalcin.com\/es\/wp-json\/wp\/v2\/product"}],"about":[{"href":"https:\/\/dalcin.com\/es\/wp-json\/wp\/v2\/types\/product"}],"wp:featuredmedia":[{"embeddable":true,"href":"https:\/\/dalcin.com\/es\/wp-json\/wp\/v2\/media\/5901"}],"wp:attachment":[{"href":"https:\/\/dalcin.com\/es\/wp-json\/wp\/v2\/media?parent=5899"}],"wp:term":[{"taxonomy":"product_brand","embeddable":true,"href":"https:\/\/dalcin.com\/es\/wp-json\/wp\/v2\/product_brand?post=5899"},{"taxonomy":"product_cat","embeddable":true,"href":"https:\/\/dalcin.com\/es\/wp-json\/wp\/v2\/product_cat?post=5899"},{"taxonomy":"product_tag","embeddable":true,"href":"https:\/\/dalcin.com\/es\/wp-json\/wp\/v2\/product_tag?post=5899"}],"curies":[{"name":"wp","href":"https:\/\/api.w.org\/{rel}","templated":true}]}}