{"id":5919,"date":"2023-10-12T12:01:46","date_gmt":"2023-10-12T10:01:46","guid":{"rendered":"https:\/\/staging.dalcin.com\/prodotto\/claracel-vip\/"},"modified":"2024-11-27T18:08:19","modified_gmt":"2024-11-27T17:08:19","slug":"claracel-vip","status":"publish","type":"product","link":"https:\/\/dalcin.com\/es\/prodotto\/claracel-vip\/","title":{"rendered":"Claracel VIP"},"content":{"rendered":"","protected":false},"excerpt":{"rendered":"<p>Clarificante y estabilizante usado durante la fermentaci\u00f3n alcoh\u00f3lica de mostos blancos para eliminar la fracci\u00f3n polifen\u00f3lica inestable y oxidada.<\/p>\n","protected":false},"featured_media":0,"template":"","meta":{"_acf_changed":false,"_seopress_robots_primary_cat":"none","_seopress_titles_title":"","_seopress_titles_desc":"","_seopress_robots_index":""},"product_brand":[],"product_cat":[201],"product_tag":[302,304,258],"class_list":{"0":"post-5919","1":"product","2":"type-product","3":"status-publish","5":"product_cat-clarification","6":"product_tag-mostos-blancos","7":"product_tag-mostos-blancos-en-fermentacion","8":"product_tag-vinagre","10":"first","11":"instock","12":"shipping-taxable","13":"product-type-simple"},"acf":[],"_links":{"self":[{"href":"https:\/\/dalcin.com\/es\/wp-json\/wp\/v2\/product\/5919","targetHints":{"allow":["GET"]}}],"collection":[{"href":"https:\/\/dalcin.com\/es\/wp-json\/wp\/v2\/product"}],"about":[{"href":"https:\/\/dalcin.com\/es\/wp-json\/wp\/v2\/types\/product"}],"wp:attachment":[{"href":"https:\/\/dalcin.com\/es\/wp-json\/wp\/v2\/media?parent=5919"}],"wp:term":[{"taxonomy":"product_brand","embeddable":true,"href":"https:\/\/dalcin.com\/es\/wp-json\/wp\/v2\/product_brand?post=5919"},{"taxonomy":"product_cat","embeddable":true,"href":"https:\/\/dalcin.com\/es\/wp-json\/wp\/v2\/product_cat?post=5919"},{"taxonomy":"product_tag","embeddable":true,"href":"https:\/\/dalcin.com\/es\/wp-json\/wp\/v2\/product_tag?post=5919"}],"curies":[{"name":"wp","href":"https:\/\/api.w.org\/{rel}","templated":true}]}}