{"id":5949,"date":"2023-10-12T15:48:34","date_gmt":"2023-10-12T13:48:34","guid":{"rendered":"https:\/\/staging.dalcin.com\/prodotto\/dc-pol-t\/"},"modified":"2024-11-28T12:38:54","modified_gmt":"2024-11-28T11:38:54","slug":"dc-pol-t","status":"publish","type":"product","link":"https:\/\/dalcin.com\/es\/prodotto\/dc-pol-t\/","title":{"rendered":"DC-Pol T"},"content":{"rendered":"","protected":false},"excerpt":{"rendered":"<p>Para el tratamiento de mostos que tienen un alto contenido en polifenoles inestables y en vinos que necesitan de una mejora de las caracter\u00edsticas arom\u00e1ticas y crom\u00e1ticas.<\/p>\n","protected":false},"featured_media":0,"template":"","meta":{"_acf_changed":false,"_seopress_robots_primary_cat":"none","_seopress_titles_title":"","_seopress_titles_desc":"","_seopress_robots_index":""},"product_brand":[],"product_cat":[201],"product_tag":[327,165],"class_list":{"0":"post-5949","1":"product","2":"type-product","3":"status-publish","5":"product_cat-clarification","6":"product_tag-sin-alergenos","7":"product_tag-vinos-blancos","9":"first","10":"instock","11":"shipping-taxable","12":"product-type-simple"},"acf":[],"_links":{"self":[{"href":"https:\/\/dalcin.com\/es\/wp-json\/wp\/v2\/product\/5949","targetHints":{"allow":["GET"]}}],"collection":[{"href":"https:\/\/dalcin.com\/es\/wp-json\/wp\/v2\/product"}],"about":[{"href":"https:\/\/dalcin.com\/es\/wp-json\/wp\/v2\/types\/product"}],"wp:attachment":[{"href":"https:\/\/dalcin.com\/es\/wp-json\/wp\/v2\/media?parent=5949"}],"wp:term":[{"taxonomy":"product_brand","embeddable":true,"href":"https:\/\/dalcin.com\/es\/wp-json\/wp\/v2\/product_brand?post=5949"},{"taxonomy":"product_cat","embeddable":true,"href":"https:\/\/dalcin.com\/es\/wp-json\/wp\/v2\/product_cat?post=5949"},{"taxonomy":"product_tag","embeddable":true,"href":"https:\/\/dalcin.com\/es\/wp-json\/wp\/v2\/product_tag?post=5949"}],"curies":[{"name":"wp","href":"https:\/\/api.w.org\/{rel}","templated":true}]}}