{"id":5959,"date":"2023-10-17T14:50:19","date_gmt":"2023-10-17T12:50:19","guid":{"rendered":"https:\/\/staging.dalcin.com\/prodotto\/delite-green\/"},"modified":"2025-02-19T17:38:03","modified_gmt":"2025-02-19T16:38:03","slug":"delite-green","status":"publish","type":"product","link":"https:\/\/dalcin.com\/es\/prodotto\/delite-green\/","title":{"rendered":"D\u00e9lite Green"},"content":{"rendered":"","protected":false},"excerpt":{"rendered":"<p>Disoluci\u00f3n de goma ar\u00e1bica para la mejora de la estabilidad coloidal de los vinos y para mejorar su potencial organol\u00e9ptico.<\/p>\n","protected":false},"featured_media":5962,"template":"","meta":{"_acf_changed":false,"_seopress_robots_primary_cat":"none","_seopress_titles_title":"","_seopress_titles_desc":"","_seopress_robots_index":""},"product_brand":[],"product_cat":[217],"product_tag":[337],"class_list":{"0":"post-5959","1":"product","2":"type-product","3":"status-publish","4":"has-post-thumbnail","6":"product_cat-linea-green-es","7":"product_tag-estabilizacion","9":"first","10":"instock","11":"shipping-taxable","12":"product-type-simple"},"acf":[],"_links":{"self":[{"href":"https:\/\/dalcin.com\/es\/wp-json\/wp\/v2\/product\/5959","targetHints":{"allow":["GET"]}}],"collection":[{"href":"https:\/\/dalcin.com\/es\/wp-json\/wp\/v2\/product"}],"about":[{"href":"https:\/\/dalcin.com\/es\/wp-json\/wp\/v2\/types\/product"}],"wp:featuredmedia":[{"embeddable":true,"href":"https:\/\/dalcin.com\/es\/wp-json\/wp\/v2\/media\/5962"}],"wp:attachment":[{"href":"https:\/\/dalcin.com\/es\/wp-json\/wp\/v2\/media?parent=5959"}],"wp:term":[{"taxonomy":"product_brand","embeddable":true,"href":"https:\/\/dalcin.com\/es\/wp-json\/wp\/v2\/product_brand?post=5959"},{"taxonomy":"product_cat","embeddable":true,"href":"https:\/\/dalcin.com\/es\/wp-json\/wp\/v2\/product_cat?post=5959"},{"taxonomy":"product_tag","embeddable":true,"href":"https:\/\/dalcin.com\/es\/wp-json\/wp\/v2\/product_tag?post=5959"}],"curies":[{"name":"wp","href":"https:\/\/api.w.org\/{rel}","templated":true}]}}