{"id":5973,"date":"2023-10-16T15:50:08","date_gmt":"2023-10-16T13:50:08","guid":{"rendered":"https:\/\/staging.dalcin.com\/prodotto\/easydry\/"},"modified":"2025-02-19T17:40:30","modified_gmt":"2025-02-19T16:40:30","slug":"easydry","status":"publish","type":"product","link":"https:\/\/dalcin.com\/es\/prodotto\/easydry\/","title":{"rendered":"Easydry"},"content":{"rendered":"","protected":false},"excerpt":{"rendered":"<p>Goma ar\u00e1bica en polvo de f\u00e1cil disoluci\u00f3n.<\/p>\n","protected":false},"featured_media":0,"template":"","meta":{"_acf_changed":false,"_seopress_robots_primary_cat":"none","_seopress_titles_title":"","_seopress_titles_desc":"","_seopress_robots_index":""},"product_brand":[],"product_cat":[161],"product_tag":[162,290],"class_list":{"0":"post-5973","1":"product","2":"type-product","3":"status-publish","5":"product_cat-estabilizacion","6":"product_tag-estabilidad-tartarica","7":"product_tag-goma-arabica","9":"first","10":"instock","11":"shipping-taxable","12":"product-type-simple"},"acf":[],"_links":{"self":[{"href":"https:\/\/dalcin.com\/es\/wp-json\/wp\/v2\/product\/5973","targetHints":{"allow":["GET"]}}],"collection":[{"href":"https:\/\/dalcin.com\/es\/wp-json\/wp\/v2\/product"}],"about":[{"href":"https:\/\/dalcin.com\/es\/wp-json\/wp\/v2\/types\/product"}],"wp:attachment":[{"href":"https:\/\/dalcin.com\/es\/wp-json\/wp\/v2\/media?parent=5973"}],"wp:term":[{"taxonomy":"product_brand","embeddable":true,"href":"https:\/\/dalcin.com\/es\/wp-json\/wp\/v2\/product_brand?post=5973"},{"taxonomy":"product_cat","embeddable":true,"href":"https:\/\/dalcin.com\/es\/wp-json\/wp\/v2\/product_cat?post=5973"},{"taxonomy":"product_tag","embeddable":true,"href":"https:\/\/dalcin.com\/es\/wp-json\/wp\/v2\/product_tag?post=5973"}],"curies":[{"name":"wp","href":"https:\/\/api.w.org\/{rel}","templated":true}]}}