{"id":5983,"date":"2023-10-11T10:13:47","date_gmt":"2023-10-11T08:13:47","guid":{"rendered":"https:\/\/staging.dalcin.com\/prodotto\/ecotan\/"},"modified":"2024-11-28T12:47:56","modified_gmt":"2024-11-28T11:47:56","slug":"ecotan","status":"publish","type":"product","link":"https:\/\/dalcin.com\/es\/prodotto\/ecotan\/","title":{"rendered":"Ecotan"},"content":{"rendered":"","protected":false},"excerpt":{"rendered":"<p>Tanino el\u00e1gico. Para la protecci\u00f3n antioxidante y la clarificaci\u00f3n de mostos y vinos tintos.<\/p>\n","protected":false},"featured_media":0,"template":"","meta":{"_acf_changed":false,"_seopress_robots_primary_cat":"none","_seopress_titles_title":"","_seopress_titles_desc":"","_seopress_robots_index":""},"product_brand":[],"product_cat":[226],"product_tag":[257,341],"class_list":{"0":"post-5983","1":"product","2":"type-product","3":"status-publish","5":"product_cat-taninos","6":"product_tag-uva-y-mostos-blancos","7":"product_tag-uvas-y-mostos-tintos","9":"first","10":"instock","11":"shipping-taxable","12":"product-type-simple"},"acf":[],"_links":{"self":[{"href":"https:\/\/dalcin.com\/es\/wp-json\/wp\/v2\/product\/5983","targetHints":{"allow":["GET"]}}],"collection":[{"href":"https:\/\/dalcin.com\/es\/wp-json\/wp\/v2\/product"}],"about":[{"href":"https:\/\/dalcin.com\/es\/wp-json\/wp\/v2\/types\/product"}],"wp:attachment":[{"href":"https:\/\/dalcin.com\/es\/wp-json\/wp\/v2\/media?parent=5983"}],"wp:term":[{"taxonomy":"product_brand","embeddable":true,"href":"https:\/\/dalcin.com\/es\/wp-json\/wp\/v2\/product_brand?post=5983"},{"taxonomy":"product_cat","embeddable":true,"href":"https:\/\/dalcin.com\/es\/wp-json\/wp\/v2\/product_cat?post=5983"},{"taxonomy":"product_tag","embeddable":true,"href":"https:\/\/dalcin.com\/es\/wp-json\/wp\/v2\/product_tag?post=5983"}],"curies":[{"name":"wp","href":"https:\/\/api.w.org\/{rel}","templated":true}]}}