{"id":6016,"date":"2023-09-29T10:36:31","date_gmt":"2023-09-29T08:36:31","guid":{"rendered":"https:\/\/staging.dalcin.com\/prodotto\/fervens-berry\/"},"modified":"2024-11-29T11:53:42","modified_gmt":"2024-11-29T10:53:42","slug":"fervens-berry","status":"publish","type":"product","link":"https:\/\/dalcin.com\/es\/prodotto\/fervens-berry\/","title":{"rendered":"Fervens\u2122 Berry"},"content":{"rendered":"","protected":false},"excerpt":{"rendered":"<p>Particularmente \u00fatil para la obtenci\u00f3n de vinos rosados, vinos tintos j\u00f3venes y de crianza. Potencia las notas frutales manteniendo el frescor en el aroma y en boca.<\/p>\n","protected":false},"featured_media":6019,"template":"","meta":{"_acf_changed":false,"_seopress_robots_primary_cat":"none","_seopress_titles_title":"","_seopress_titles_desc":"","_seopress_robots_index":""},"product_brand":[],"product_cat":[164],"product_tag":[344,166,346],"class_list":{"0":"post-6016","1":"product","2":"type-product","3":"status-publish","4":"has-post-thumbnail","6":"product_cat-levaduras","7":"product_tag-vinos-jovenes","8":"product_tag-vinos-rosados","9":"product_tag-vinos-tintos","11":"first","12":"instock","13":"shipping-taxable","14":"product-type-simple"},"acf":[],"_links":{"self":[{"href":"https:\/\/dalcin.com\/es\/wp-json\/wp\/v2\/product\/6016","targetHints":{"allow":["GET"]}}],"collection":[{"href":"https:\/\/dalcin.com\/es\/wp-json\/wp\/v2\/product"}],"about":[{"href":"https:\/\/dalcin.com\/es\/wp-json\/wp\/v2\/types\/product"}],"wp:featuredmedia":[{"embeddable":true,"href":"https:\/\/dalcin.com\/es\/wp-json\/wp\/v2\/media\/6019"}],"wp:attachment":[{"href":"https:\/\/dalcin.com\/es\/wp-json\/wp\/v2\/media?parent=6016"}],"wp:term":[{"taxonomy":"product_brand","embeddable":true,"href":"https:\/\/dalcin.com\/es\/wp-json\/wp\/v2\/product_brand?post=6016"},{"taxonomy":"product_cat","embeddable":true,"href":"https:\/\/dalcin.com\/es\/wp-json\/wp\/v2\/product_cat?post=6016"},{"taxonomy":"product_tag","embeddable":true,"href":"https:\/\/dalcin.com\/es\/wp-json\/wp\/v2\/product_tag?post=6016"}],"curies":[{"name":"wp","href":"https:\/\/api.w.org\/{rel}","templated":true}]}}