{"id":6031,"date":"2023-09-29T12:12:32","date_gmt":"2023-09-29T10:12:32","guid":{"rendered":"https:\/\/staging.dalcin.com\/prodotto\/fervens-fragrance\/"},"modified":"2024-11-29T11:54:39","modified_gmt":"2024-11-29T10:54:39","slug":"fervens-fragrance","status":"publish","type":"product","link":"https:\/\/dalcin.com\/es\/prodotto\/fervens-fragrance\/","title":{"rendered":"Fervens\u2122 Fragrance"},"content":{"rendered":"","protected":false},"excerpt":{"rendered":"<p>En la vinificaci\u00f3n de vinos blancos y rosados para obtener aromas que van desde frutas tropicales hasta notas c\u00edtricas. Se caracteriza por una baj\u00edsima producci\u00f3n de riboflavina as\u00ed que aumenta la longevidad del vino en botella.<\/p>\n","protected":false},"featured_media":6034,"template":"","meta":{"_acf_changed":false,"_seopress_robots_primary_cat":"none","_seopress_titles_title":"","_seopress_titles_desc":"","_seopress_robots_index":""},"product_brand":[],"product_cat":[164],"product_tag":[165,166],"class_list":{"0":"post-6031","1":"product","2":"type-product","3":"status-publish","4":"has-post-thumbnail","6":"product_cat-levaduras","7":"product_tag-vinos-blancos","8":"product_tag-vinos-rosados","10":"first","11":"instock","12":"shipping-taxable","13":"product-type-simple"},"acf":[],"_links":{"self":[{"href":"https:\/\/dalcin.com\/es\/wp-json\/wp\/v2\/product\/6031","targetHints":{"allow":["GET"]}}],"collection":[{"href":"https:\/\/dalcin.com\/es\/wp-json\/wp\/v2\/product"}],"about":[{"href":"https:\/\/dalcin.com\/es\/wp-json\/wp\/v2\/types\/product"}],"wp:featuredmedia":[{"embeddable":true,"href":"https:\/\/dalcin.com\/es\/wp-json\/wp\/v2\/media\/6034"}],"wp:attachment":[{"href":"https:\/\/dalcin.com\/es\/wp-json\/wp\/v2\/media?parent=6031"}],"wp:term":[{"taxonomy":"product_brand","embeddable":true,"href":"https:\/\/dalcin.com\/es\/wp-json\/wp\/v2\/product_brand?post=6031"},{"taxonomy":"product_cat","embeddable":true,"href":"https:\/\/dalcin.com\/es\/wp-json\/wp\/v2\/product_cat?post=6031"},{"taxonomy":"product_tag","embeddable":true,"href":"https:\/\/dalcin.com\/es\/wp-json\/wp\/v2\/product_tag?post=6031"}],"curies":[{"name":"wp","href":"https:\/\/api.w.org\/{rel}","templated":true}]}}