{"id":6047,"date":"2023-09-29T12:57:32","date_gmt":"2023-09-29T10:57:32","guid":{"rendered":"https:\/\/staging.dalcin.com\/prodotto\/fervens-slb\/"},"modified":"2024-11-29T11:57:53","modified_gmt":"2024-11-29T10:57:53","slug":"fervens-slb","status":"publish","type":"product","link":"https:\/\/dalcin.com\/es\/prodotto\/fervens-slb\/","title":{"rendered":"Fervens\u2122 SLB"},"content":{"rendered":"","protected":false},"excerpt":{"rendered":"<p>Se adapta a condiciones fermentativas, nutritivas e higi\u00e9nicas dif\u00edciles y a vinificaciones a gran escala. Indicado para reanudar la fermentaci\u00f3n y para segundas fermentaciones.<\/p>\n","protected":false},"featured_media":6050,"template":"","meta":{"_acf_changed":false,"_seopress_robots_primary_cat":"none","_seopress_titles_title":"","_seopress_titles_desc":"","_seopress_robots_index":""},"product_brand":[],"product_cat":[164],"product_tag":[261,314,165,346],"class_list":{"0":"post-6047","1":"product","2":"type-product","3":"status-publish","4":"has-post-thumbnail","6":"product_cat-levaduras","7":"product_tag-parada-de-fermentacion","8":"product_tag-segunda-fermentacion","9":"product_tag-vinos-blancos","10":"product_tag-vinos-tintos","12":"first","13":"instock","14":"shipping-taxable","15":"product-type-simple"},"acf":[],"_links":{"self":[{"href":"https:\/\/dalcin.com\/es\/wp-json\/wp\/v2\/product\/6047","targetHints":{"allow":["GET"]}}],"collection":[{"href":"https:\/\/dalcin.com\/es\/wp-json\/wp\/v2\/product"}],"about":[{"href":"https:\/\/dalcin.com\/es\/wp-json\/wp\/v2\/types\/product"}],"wp:featuredmedia":[{"embeddable":true,"href":"https:\/\/dalcin.com\/es\/wp-json\/wp\/v2\/media\/6050"}],"wp:attachment":[{"href":"https:\/\/dalcin.com\/es\/wp-json\/wp\/v2\/media?parent=6047"}],"wp:term":[{"taxonomy":"product_brand","embeddable":true,"href":"https:\/\/dalcin.com\/es\/wp-json\/wp\/v2\/product_brand?post=6047"},{"taxonomy":"product_cat","embeddable":true,"href":"https:\/\/dalcin.com\/es\/wp-json\/wp\/v2\/product_cat?post=6047"},{"taxonomy":"product_tag","embeddable":true,"href":"https:\/\/dalcin.com\/es\/wp-json\/wp\/v2\/product_tag?post=6047"}],"curies":[{"name":"wp","href":"https:\/\/api.w.org\/{rel}","templated":true}]}}