{"id":6051,"date":"2023-09-29T13:03:13","date_gmt":"2023-09-29T11:03:13","guid":{"rendered":"https:\/\/staging.dalcin.com\/prodotto\/fervens-slc\/"},"modified":"2024-11-29T11:58:03","modified_gmt":"2024-11-29T10:58:03","slug":"fervens-slc","status":"publish","type":"product","link":"https:\/\/dalcin.com\/es\/prodotto\/fervens-slc\/","title":{"rendered":"Fervens\u2122 SLC"},"content":{"rendered":"","protected":false},"excerpt":{"rendered":"<p>Se adapta a condiciones fermentativas, nutritivas e higi\u00e9nicas dif\u00edciles y a vinificaciones a gran escala. Fermentaci\u00f3n segura para blancos, tintos y rosados.<\/p>\n","protected":false},"featured_media":6054,"template":"","meta":{"_acf_changed":false,"_seopress_robots_primary_cat":"none","_seopress_titles_title":"","_seopress_titles_desc":"","_seopress_robots_index":""},"product_brand":[],"product_cat":[164],"product_tag":[165,346],"class_list":{"0":"post-6051","1":"product","2":"type-product","3":"status-publish","4":"has-post-thumbnail","6":"product_cat-levaduras","7":"product_tag-vinos-blancos","8":"product_tag-vinos-tintos","10":"first","11":"instock","12":"shipping-taxable","13":"product-type-simple"},"acf":[],"_links":{"self":[{"href":"https:\/\/dalcin.com\/es\/wp-json\/wp\/v2\/product\/6051","targetHints":{"allow":["GET"]}}],"collection":[{"href":"https:\/\/dalcin.com\/es\/wp-json\/wp\/v2\/product"}],"about":[{"href":"https:\/\/dalcin.com\/es\/wp-json\/wp\/v2\/types\/product"}],"wp:featuredmedia":[{"embeddable":true,"href":"https:\/\/dalcin.com\/es\/wp-json\/wp\/v2\/media\/6054"}],"wp:attachment":[{"href":"https:\/\/dalcin.com\/es\/wp-json\/wp\/v2\/media?parent=6051"}],"wp:term":[{"taxonomy":"product_brand","embeddable":true,"href":"https:\/\/dalcin.com\/es\/wp-json\/wp\/v2\/product_brand?post=6051"},{"taxonomy":"product_cat","embeddable":true,"href":"https:\/\/dalcin.com\/es\/wp-json\/wp\/v2\/product_cat?post=6051"},{"taxonomy":"product_tag","embeddable":true,"href":"https:\/\/dalcin.com\/es\/wp-json\/wp\/v2\/product_tag?post=6051"}],"curies":[{"name":"wp","href":"https:\/\/api.w.org\/{rel}","templated":true}]}}