{"id":6094,"date":"2023-10-17T15:09:58","date_gmt":"2023-10-17T13:09:58","guid":{"rendered":"https:\/\/staging.dalcin.com\/prodotto\/fosfacido\/"},"modified":"2024-06-03T19:49:27","modified_gmt":"2024-06-03T17:49:27","slug":"fosfacido","status":"publish","type":"product","link":"https:\/\/dalcin.com\/es\/prodotto\/fosfacido\/","title":{"rendered":"Fosf\u00e1cido"},"content":{"rendered":"","protected":false},"excerpt":{"rendered":"<p>Detergente desincrustante a base de \u00e1cido fosf\u00f3rico para la eliminaci\u00f3n de residuos calc\u00e1reos<\/p>\n","protected":false},"featured_media":6096,"template":"","meta":{"_acf_changed":false,"_seopress_robots_primary_cat":"none","_seopress_titles_title":"","_seopress_titles_desc":"","_seopress_robots_index":""},"product_brand":[],"product_cat":[184],"product_tag":[273],"class_list":{"0":"post-6094","1":"product","2":"type-product","3":"status-publish","4":"has-post-thumbnail","6":"product_cat-limpieza","7":"product_tag-detergentes-acidos","9":"first","10":"instock","11":"shipping-taxable","12":"product-type-simple"},"acf":[],"_links":{"self":[{"href":"https:\/\/dalcin.com\/es\/wp-json\/wp\/v2\/product\/6094","targetHints":{"allow":["GET"]}}],"collection":[{"href":"https:\/\/dalcin.com\/es\/wp-json\/wp\/v2\/product"}],"about":[{"href":"https:\/\/dalcin.com\/es\/wp-json\/wp\/v2\/types\/product"}],"wp:featuredmedia":[{"embeddable":true,"href":"https:\/\/dalcin.com\/es\/wp-json\/wp\/v2\/media\/6096"}],"wp:attachment":[{"href":"https:\/\/dalcin.com\/es\/wp-json\/wp\/v2\/media?parent=6094"}],"wp:term":[{"taxonomy":"product_brand","embeddable":true,"href":"https:\/\/dalcin.com\/es\/wp-json\/wp\/v2\/product_brand?post=6094"},{"taxonomy":"product_cat","embeddable":true,"href":"https:\/\/dalcin.com\/es\/wp-json\/wp\/v2\/product_cat?post=6094"},{"taxonomy":"product_tag","embeddable":true,"href":"https:\/\/dalcin.com\/es\/wp-json\/wp\/v2\/product_tag?post=6094"}],"curies":[{"name":"wp","href":"https:\/\/api.w.org\/{rel}","templated":true}]}}