{"id":6122,"date":"2023-10-16T16:56:17","date_gmt":"2023-10-16T14:56:17","guid":{"rendered":"https:\/\/staging.dalcin.com\/prodotto\/gommarabica-dc\/"},"modified":"2025-02-19T17:43:18","modified_gmt":"2025-02-19T16:43:18","slug":"gommarabica-dc","status":"publish","type":"product","link":"https:\/\/dalcin.com\/es\/prodotto\/gommarabica-dc\/","title":{"rendered":"Gommarabica\u2122 DC"},"content":{"rendered":"","protected":false},"excerpt":{"rendered":"<p>Disoluci\u00f3n de goma ar\u00e1bica a elevada concentraci\u00f3n con efecto estabilizante y suavizante.<\/p>\n","protected":false},"featured_media":6125,"template":"","meta":{"_acf_changed":false,"_seopress_robots_primary_cat":"none","_seopress_titles_title":"","_seopress_titles_desc":"","_seopress_robots_index":""},"product_brand":[],"product_cat":[161],"product_tag":[162,290],"class_list":{"0":"post-6122","1":"product","2":"type-product","3":"status-publish","4":"has-post-thumbnail","6":"product_cat-estabilizacion","7":"product_tag-estabilidad-tartarica","8":"product_tag-goma-arabica","10":"first","11":"instock","12":"shipping-taxable","13":"product-type-simple"},"acf":[],"_links":{"self":[{"href":"https:\/\/dalcin.com\/es\/wp-json\/wp\/v2\/product\/6122","targetHints":{"allow":["GET"]}}],"collection":[{"href":"https:\/\/dalcin.com\/es\/wp-json\/wp\/v2\/product"}],"about":[{"href":"https:\/\/dalcin.com\/es\/wp-json\/wp\/v2\/types\/product"}],"wp:featuredmedia":[{"embeddable":true,"href":"https:\/\/dalcin.com\/es\/wp-json\/wp\/v2\/media\/6125"}],"wp:attachment":[{"href":"https:\/\/dalcin.com\/es\/wp-json\/wp\/v2\/media?parent=6122"}],"wp:term":[{"taxonomy":"product_brand","embeddable":true,"href":"https:\/\/dalcin.com\/es\/wp-json\/wp\/v2\/product_brand?post=6122"},{"taxonomy":"product_cat","embeddable":true,"href":"https:\/\/dalcin.com\/es\/wp-json\/wp\/v2\/product_cat?post=6122"},{"taxonomy":"product_tag","embeddable":true,"href":"https:\/\/dalcin.com\/es\/wp-json\/wp\/v2\/product_tag?post=6122"}],"curies":[{"name":"wp","href":"https:\/\/api.w.org\/{rel}","templated":true}]}}