{"id":6126,"date":"2023-10-11T17:30:23","date_gmt":"2023-10-11T15:30:23","guid":{"rendered":"https:\/\/staging.dalcin.com\/prodotto\/grandeco\/"},"modified":"2024-11-29T16:56:22","modified_gmt":"2024-11-29T15:56:22","slug":"grandeco","status":"publish","type":"product","link":"https:\/\/dalcin.com\/es\/prodotto\/grandeco\/","title":{"rendered":"Grandec\u00f2"},"content":{"rendered":"","protected":false},"excerpt":{"rendered":"<p>Carb\u00f3n decolorante dotado de un elevado poder adsorbente frente a las sustancias colorantes presentes en el vino. La tecnolog\u00eda miniTubes\u2122 ha permitido obtener un carb\u00f3n que no hace polvo y tiene una alta mojabilidad, permitiendo ahorrar tiempo en el momento de la preparaci\u00f3n.<\/p>\n","protected":false},"featured_media":0,"template":"","meta":{"_acf_changed":false,"_seopress_robots_primary_cat":"none","_seopress_titles_title":"","_seopress_titles_desc":"","_seopress_robots_index":""},"product_brand":[],"product_cat":[201],"product_tag":[300,302,304,327,258,165],"class_list":{"0":"post-6126","1":"product","2":"type-product","3":"status-publish","5":"product_cat-clarification","6":"product_tag-minitubes-es","7":"product_tag-mostos-blancos","8":"product_tag-mostos-blancos-en-fermentacion","9":"product_tag-sin-alergenos","10":"product_tag-vinagre","11":"product_tag-vinos-blancos","13":"first","14":"instock","15":"shipping-taxable","16":"product-type-simple"},"acf":[],"_links":{"self":[{"href":"https:\/\/dalcin.com\/es\/wp-json\/wp\/v2\/product\/6126","targetHints":{"allow":["GET"]}}],"collection":[{"href":"https:\/\/dalcin.com\/es\/wp-json\/wp\/v2\/product"}],"about":[{"href":"https:\/\/dalcin.com\/es\/wp-json\/wp\/v2\/types\/product"}],"wp:attachment":[{"href":"https:\/\/dalcin.com\/es\/wp-json\/wp\/v2\/media?parent=6126"}],"wp:term":[{"taxonomy":"product_brand","embeddable":true,"href":"https:\/\/dalcin.com\/es\/wp-json\/wp\/v2\/product_brand?post=6126"},{"taxonomy":"product_cat","embeddable":true,"href":"https:\/\/dalcin.com\/es\/wp-json\/wp\/v2\/product_cat?post=6126"},{"taxonomy":"product_tag","embeddable":true,"href":"https:\/\/dalcin.com\/es\/wp-json\/wp\/v2\/product_tag?post=6126"}],"curies":[{"name":"wp","href":"https:\/\/api.w.org\/{rel}","templated":true}]}}