{"id":6171,"date":"2023-10-10T11:07:41","date_gmt":"2023-10-10T09:07:41","guid":{"rendered":"https:\/\/staging.dalcin.com\/prodotto\/infinity-class\/"},"modified":"2024-11-30T10:22:44","modified_gmt":"2024-11-30T09:22:44","slug":"infinity-class","status":"publish","type":"product","link":"https:\/\/dalcin.com\/es\/prodotto\/infinity-class\/","title":{"rendered":"Infinity Class"},"content":{"rendered":"","protected":false},"excerpt":{"rendered":"<p>Tanino en forma l\u00edquida para la protecci\u00f3n de los mostos y la estabilizaci\u00f3n del color en vinos tintos. En boca, aumenta la complejidad y mejora el equilibrio general.<\/p>\n","protected":false},"featured_media":6174,"template":"","meta":{"_acf_changed":false,"_seopress_robots_primary_cat":"none","_seopress_titles_title":"","_seopress_titles_desc":"","_seopress_robots_index":""},"product_brand":[],"product_cat":[226],"product_tag":[247,311,318],"class_list":{"0":"post-6171","1":"product","2":"type-product","3":"status-publish","4":"has-post-thumbnail","6":"product_cat-taninos","7":"product_tag-afinado","8":"product_tag-pre-embotellado","9":"product_tag-roble","11":"first","12":"instock","13":"shipping-taxable","14":"product-type-simple"},"acf":[],"_links":{"self":[{"href":"https:\/\/dalcin.com\/es\/wp-json\/wp\/v2\/product\/6171","targetHints":{"allow":["GET"]}}],"collection":[{"href":"https:\/\/dalcin.com\/es\/wp-json\/wp\/v2\/product"}],"about":[{"href":"https:\/\/dalcin.com\/es\/wp-json\/wp\/v2\/types\/product"}],"wp:featuredmedia":[{"embeddable":true,"href":"https:\/\/dalcin.com\/es\/wp-json\/wp\/v2\/media\/6174"}],"wp:attachment":[{"href":"https:\/\/dalcin.com\/es\/wp-json\/wp\/v2\/media?parent=6171"}],"wp:term":[{"taxonomy":"product_brand","embeddable":true,"href":"https:\/\/dalcin.com\/es\/wp-json\/wp\/v2\/product_brand?post=6171"},{"taxonomy":"product_cat","embeddable":true,"href":"https:\/\/dalcin.com\/es\/wp-json\/wp\/v2\/product_cat?post=6171"},{"taxonomy":"product_tag","embeddable":true,"href":"https:\/\/dalcin.com\/es\/wp-json\/wp\/v2\/product_tag?post=6171"}],"curies":[{"name":"wp","href":"https:\/\/api.w.org\/{rel}","templated":true}]}}