{"id":6179,"date":"2023-10-10T11:33:59","date_gmt":"2023-10-10T09:33:59","guid":{"rendered":"https:\/\/staging.dalcin.com\/prodotto\/infinity-decuvage\/"},"modified":"2024-04-11T23:21:23","modified_gmt":"2024-04-11T21:21:23","slug":"infinity-decuvage","status":"publish","type":"product","link":"https:\/\/dalcin.com\/es\/prodotto\/infinity-decuvage\/","title":{"rendered":"Infinity D\u00e9cuvage"},"content":{"rendered":"","protected":false},"excerpt":{"rendered":"<p>Para la estabilizaci\u00f3n y la protecci\u00f3n del color del vino tinto.<\/p>\n","protected":false},"featured_media":6182,"template":"","meta":{"_acf_changed":false,"_seopress_robots_primary_cat":"none","_seopress_titles_title":"","_seopress_titles_desc":"","_seopress_robots_index":""},"product_brand":[],"product_cat":[226],"product_tag":[267],"class_list":{"0":"post-6179","1":"product","2":"type-product","3":"status-publish","4":"has-post-thumbnail","6":"product_cat-taninos","7":"product_tag-color-tinto","9":"first","10":"instock","11":"shipping-taxable","12":"product-type-simple"},"acf":[],"_links":{"self":[{"href":"https:\/\/dalcin.com\/es\/wp-json\/wp\/v2\/product\/6179","targetHints":{"allow":["GET"]}}],"collection":[{"href":"https:\/\/dalcin.com\/es\/wp-json\/wp\/v2\/product"}],"about":[{"href":"https:\/\/dalcin.com\/es\/wp-json\/wp\/v2\/types\/product"}],"wp:featuredmedia":[{"embeddable":true,"href":"https:\/\/dalcin.com\/es\/wp-json\/wp\/v2\/media\/6182"}],"wp:attachment":[{"href":"https:\/\/dalcin.com\/es\/wp-json\/wp\/v2\/media?parent=6179"}],"wp:term":[{"taxonomy":"product_brand","embeddable":true,"href":"https:\/\/dalcin.com\/es\/wp-json\/wp\/v2\/product_brand?post=6179"},{"taxonomy":"product_cat","embeddable":true,"href":"https:\/\/dalcin.com\/es\/wp-json\/wp\/v2\/product_cat?post=6179"},{"taxonomy":"product_tag","embeddable":true,"href":"https:\/\/dalcin.com\/es\/wp-json\/wp\/v2\/product_tag?post=6179"}],"curies":[{"name":"wp","href":"https:\/\/api.w.org\/{rel}","templated":true}]}}