{"id":6216,"date":"2023-10-16T17:04:37","date_gmt":"2023-10-16T15:04:37","guid":{"rendered":"https:\/\/staging.dalcin.com\/prodotto\/karmelosa-l\/"},"modified":"2024-11-29T17:12:57","modified_gmt":"2024-11-29T16:12:57","slug":"karmelosa-l","status":"publish","type":"product","link":"https:\/\/dalcin.com\/es\/prodotto\/karmelosa-l\/","title":{"rendered":"Karmelosa L"},"content":{"rendered":"","protected":false},"excerpt":{"rendered":"<p>Carboximetilcelulosa en disoluci\u00f3n acuosa para la estabilizaci\u00f3n tart\u00e1rica de vinos.<\/p>\n","protected":false},"featured_media":6219,"template":"","meta":{"_acf_changed":false,"_seopress_robots_primary_cat":"none","_seopress_titles_title":"","_seopress_titles_desc":"","_seopress_robots_index":""},"product_brand":[],"product_cat":[161],"product_tag":[162],"class_list":{"0":"post-6216","1":"product","2":"type-product","3":"status-publish","4":"has-post-thumbnail","6":"product_cat-estabilizacion","7":"product_tag-estabilidad-tartarica","9":"first","10":"instock","11":"shipping-taxable","12":"product-type-simple"},"acf":[],"_links":{"self":[{"href":"https:\/\/dalcin.com\/es\/wp-json\/wp\/v2\/product\/6216","targetHints":{"allow":["GET"]}}],"collection":[{"href":"https:\/\/dalcin.com\/es\/wp-json\/wp\/v2\/product"}],"about":[{"href":"https:\/\/dalcin.com\/es\/wp-json\/wp\/v2\/types\/product"}],"wp:featuredmedia":[{"embeddable":true,"href":"https:\/\/dalcin.com\/es\/wp-json\/wp\/v2\/media\/6219"}],"wp:attachment":[{"href":"https:\/\/dalcin.com\/es\/wp-json\/wp\/v2\/media?parent=6216"}],"wp:term":[{"taxonomy":"product_brand","embeddable":true,"href":"https:\/\/dalcin.com\/es\/wp-json\/wp\/v2\/product_brand?post=6216"},{"taxonomy":"product_cat","embeddable":true,"href":"https:\/\/dalcin.com\/es\/wp-json\/wp\/v2\/product_cat?post=6216"},{"taxonomy":"product_tag","embeddable":true,"href":"https:\/\/dalcin.com\/es\/wp-json\/wp\/v2\/product_tag?post=6216"}],"curies":[{"name":"wp","href":"https:\/\/api.w.org\/{rel}","templated":true}]}}