{"id":6224,"date":"2023-10-11T17:33:12","date_gmt":"2023-10-11T15:33:12","guid":{"rendered":"https:\/\/staging.dalcin.com\/prodotto\/kolirex-cp\/"},"modified":"2024-11-29T17:35:13","modified_gmt":"2024-11-29T16:35:13","slug":"kolirex-cp","status":"publish","type":"product","link":"https:\/\/dalcin.com\/es\/prodotto\/kolirex-cp\/","title":{"rendered":"Kolirex\u2122 CP"},"content":{"rendered":"","protected":false},"excerpt":{"rendered":"<p>Coadyuvante para la estabilidad fen\u00f3lica. Indicado para el tratamiento de mostos blancos, para la eliminaci\u00f3n de polifenoles oxidados durante la fermentaci\u00f3n y para el incremento de la estabilidad proteica.<\/p>\n","protected":false},"featured_media":0,"template":"","meta":{"_acf_changed":false,"_seopress_robots_primary_cat":"none","_seopress_titles_title":"","_seopress_titles_desc":"","_seopress_robots_index":""},"product_brand":[],"product_cat":[201],"product_tag":[300,302,304,314,327,165],"class_list":{"0":"post-6224","1":"product","2":"type-product","3":"status-publish","5":"product_cat-clarification","6":"product_tag-minitubes-es","7":"product_tag-mostos-blancos","8":"product_tag-mostos-blancos-en-fermentacion","9":"product_tag-segunda-fermentacion","10":"product_tag-sin-alergenos","11":"product_tag-vinos-blancos","13":"first","14":"instock","15":"shipping-taxable","16":"product-type-simple"},"acf":[],"_links":{"self":[{"href":"https:\/\/dalcin.com\/es\/wp-json\/wp\/v2\/product\/6224","targetHints":{"allow":["GET"]}}],"collection":[{"href":"https:\/\/dalcin.com\/es\/wp-json\/wp\/v2\/product"}],"about":[{"href":"https:\/\/dalcin.com\/es\/wp-json\/wp\/v2\/types\/product"}],"wp:attachment":[{"href":"https:\/\/dalcin.com\/es\/wp-json\/wp\/v2\/media?parent=6224"}],"wp:term":[{"taxonomy":"product_brand","embeddable":true,"href":"https:\/\/dalcin.com\/es\/wp-json\/wp\/v2\/product_brand?post=6224"},{"taxonomy":"product_cat","embeddable":true,"href":"https:\/\/dalcin.com\/es\/wp-json\/wp\/v2\/product_cat?post=6224"},{"taxonomy":"product_tag","embeddable":true,"href":"https:\/\/dalcin.com\/es\/wp-json\/wp\/v2\/product_tag?post=6224"}],"curies":[{"name":"wp","href":"https:\/\/api.w.org\/{rel}","templated":true}]}}