{"id":6227,"date":"2023-10-11T17:58:02","date_gmt":"2023-10-11T15:58:02","guid":{"rendered":"https:\/\/staging.dalcin.com\/prodotto\/kolirex-go-fresh\/"},"modified":"2024-11-29T17:29:05","modified_gmt":"2024-11-29T16:29:05","slug":"kolirex-go-fresh","status":"publish","type":"product","link":"https:\/\/dalcin.com\/es\/prodotto\/kolirex-go-fresh\/","title":{"rendered":"Kolirex\u2122 Go Fresh"},"content":{"rendered":"","protected":false},"excerpt":{"rendered":"<p>Clarificante espec\u00edfico con el fin de reducir dr\u00e1sticamente el contenido en riboflavina del vino. Se puede emplear incluso cuando sea necesaria una correcci\u00f3n del contenido polifen\u00f3lico y la estabilizaci\u00f3n del color en el tiempo.<\/p>\n","protected":false},"featured_media":0,"template":"","meta":{"_acf_changed":false,"_seopress_robots_primary_cat":"none","_seopress_titles_title":"","_seopress_titles_desc":"","_seopress_robots_index":""},"product_brand":[],"product_cat":[201],"product_tag":[300,327,165],"class_list":{"0":"post-6227","1":"product","2":"type-product","3":"status-publish","5":"product_cat-clarification","6":"product_tag-minitubes-es","7":"product_tag-sin-alergenos","8":"product_tag-vinos-blancos","10":"first","11":"instock","12":"shipping-taxable","13":"product-type-simple"},"acf":[],"_links":{"self":[{"href":"https:\/\/dalcin.com\/es\/wp-json\/wp\/v2\/product\/6227","targetHints":{"allow":["GET"]}}],"collection":[{"href":"https:\/\/dalcin.com\/es\/wp-json\/wp\/v2\/product"}],"about":[{"href":"https:\/\/dalcin.com\/es\/wp-json\/wp\/v2\/types\/product"}],"wp:attachment":[{"href":"https:\/\/dalcin.com\/es\/wp-json\/wp\/v2\/media?parent=6227"}],"wp:term":[{"taxonomy":"product_brand","embeddable":true,"href":"https:\/\/dalcin.com\/es\/wp-json\/wp\/v2\/product_brand?post=6227"},{"taxonomy":"product_cat","embeddable":true,"href":"https:\/\/dalcin.com\/es\/wp-json\/wp\/v2\/product_cat?post=6227"},{"taxonomy":"product_tag","embeddable":true,"href":"https:\/\/dalcin.com\/es\/wp-json\/wp\/v2\/product_tag?post=6227"}],"curies":[{"name":"wp","href":"https:\/\/api.w.org\/{rel}","templated":true}]}}