{"id":6238,"date":"2023-10-03T12:59:43","date_gmt":"2023-10-03T10:59:43","guid":{"rendered":"https:\/\/staging.dalcin.com\/prodotto\/lalvin-71b-yseo\/"},"modified":"2024-06-19T12:58:58","modified_gmt":"2024-06-19T10:58:58","slug":"lalvin-71b-yseo","status":"publish","type":"product","link":"https:\/\/dalcin.com\/es\/prodotto\/lalvin-71b-yseo\/","title":{"rendered":"Lalvin 71B YSEO"},"content":{"rendered":"","protected":false},"excerpt":{"rendered":"<p>Primer productor mundial de \u00e9steres arom\u00e1ticos (acetato de isoamilo). Para vinos blancos y tintos j\u00f3venes y para vinos j\u00f3venes.<\/p>\n","protected":false},"featured_media":6243,"template":"","meta":{"_acf_changed":false,"_seopress_robots_primary_cat":"none","_seopress_titles_title":"","_seopress_titles_desc":"","_seopress_robots_index":""},"product_brand":[],"product_cat":[164],"product_tag":[344],"class_list":{"0":"post-6238","1":"product","2":"type-product","3":"status-publish","4":"has-post-thumbnail","6":"product_cat-levaduras","7":"product_tag-vinos-jovenes","9":"first","10":"instock","11":"shipping-taxable","12":"product-type-simple"},"acf":[],"_links":{"self":[{"href":"https:\/\/dalcin.com\/es\/wp-json\/wp\/v2\/product\/6238","targetHints":{"allow":["GET"]}}],"collection":[{"href":"https:\/\/dalcin.com\/es\/wp-json\/wp\/v2\/product"}],"about":[{"href":"https:\/\/dalcin.com\/es\/wp-json\/wp\/v2\/types\/product"}],"wp:featuredmedia":[{"embeddable":true,"href":"https:\/\/dalcin.com\/es\/wp-json\/wp\/v2\/media\/6243"}],"wp:attachment":[{"href":"https:\/\/dalcin.com\/es\/wp-json\/wp\/v2\/media?parent=6238"}],"wp:term":[{"taxonomy":"product_brand","embeddable":true,"href":"https:\/\/dalcin.com\/es\/wp-json\/wp\/v2\/product_brand?post=6238"},{"taxonomy":"product_cat","embeddable":true,"href":"https:\/\/dalcin.com\/es\/wp-json\/wp\/v2\/product_cat?post=6238"},{"taxonomy":"product_tag","embeddable":true,"href":"https:\/\/dalcin.com\/es\/wp-json\/wp\/v2\/product_tag?post=6238"}],"curies":[{"name":"wp","href":"https:\/\/api.w.org\/{rel}","templated":true}]}}