{"id":6251,"date":"2023-10-03T15:29:37","date_gmt":"2023-10-03T13:29:37","guid":{"rendered":"https:\/\/staging.dalcin.com\/prodotto\/lalvin-qd145\/"},"modified":"2024-06-19T12:58:57","modified_gmt":"2024-06-19T10:58:57","slug":"lalvin-qd145","status":"publish","type":"product","link":"https:\/\/dalcin.com\/es\/prodotto\/lalvin-qd145\/","title":{"rendered":"Lalvin QD145"},"content":{"rendered":"","protected":false},"excerpt":{"rendered":"<p>Para la producci\u00f3n de importantes vinos tintos. Aromas de frutos rojos, ciruela y confitura, respeto del color, producci\u00f3n de polisac\u00e1ridos. Fomenta el inicio del FML.<\/p>\n","protected":false},"featured_media":13582,"template":"","meta":{"_acf_changed":false,"_seopress_robots_primary_cat":"none","_seopress_titles_title":"","_seopress_titles_desc":"","_seopress_robots_index":""},"product_brand":[],"product_cat":[164],"product_tag":[345,346],"class_list":{"0":"post-6251","1":"product","2":"type-product","3":"status-publish","4":"has-post-thumbnail","6":"product_cat-levaduras","7":"product_tag-vinos-de-postre","8":"product_tag-vinos-tintos","10":"first","11":"instock","12":"shipping-taxable","13":"product-type-simple"},"acf":[],"_links":{"self":[{"href":"https:\/\/dalcin.com\/es\/wp-json\/wp\/v2\/product\/6251","targetHints":{"allow":["GET"]}}],"collection":[{"href":"https:\/\/dalcin.com\/es\/wp-json\/wp\/v2\/product"}],"about":[{"href":"https:\/\/dalcin.com\/es\/wp-json\/wp\/v2\/types\/product"}],"wp:featuredmedia":[{"embeddable":true,"href":"https:\/\/dalcin.com\/es\/wp-json\/wp\/v2\/media\/13582"}],"wp:attachment":[{"href":"https:\/\/dalcin.com\/es\/wp-json\/wp\/v2\/media?parent=6251"}],"wp:term":[{"taxonomy":"product_brand","embeddable":true,"href":"https:\/\/dalcin.com\/es\/wp-json\/wp\/v2\/product_brand?post=6251"},{"taxonomy":"product_cat","embeddable":true,"href":"https:\/\/dalcin.com\/es\/wp-json\/wp\/v2\/product_cat?post=6251"},{"taxonomy":"product_tag","embeddable":true,"href":"https:\/\/dalcin.com\/es\/wp-json\/wp\/v2\/product_tag?post=6251"}],"curies":[{"name":"wp","href":"https:\/\/api.w.org\/{rel}","templated":true}]}}