{"id":6257,"date":"2023-10-03T16:02:40","date_gmt":"2023-10-03T14:02:40","guid":{"rendered":"https:\/\/staging.dalcin.com\/prodotto\/lalvin-r7\/"},"modified":"2024-06-19T12:58:57","modified_gmt":"2024-06-19T10:58:57","slug":"lalvin-r7","status":"publish","type":"product","link":"https:\/\/dalcin.com\/es\/prodotto\/lalvin-r7\/","title":{"rendered":"Lalvin R7"},"content":{"rendered":"","protected":false},"excerpt":{"rendered":"<p>Fermentaci\u00f3n lista y r\u00e1pida incluso en caso de detenciones. No requiere ning\u00fan tratamiento especial de activaci\u00f3n. Rendimiento alcoh\u00f3lico muy elevado.<\/p>\n","protected":false},"featured_media":13578,"template":"","meta":{"_acf_changed":false,"_seopress_robots_primary_cat":"none","_seopress_titles_title":"","_seopress_titles_desc":"","_seopress_robots_index":""},"product_brand":[],"product_cat":[164],"product_tag":[261,314,345],"class_list":{"0":"post-6257","1":"product","2":"type-product","3":"status-publish","4":"has-post-thumbnail","6":"product_cat-levaduras","7":"product_tag-parada-de-fermentacion","8":"product_tag-segunda-fermentacion","9":"product_tag-vinos-de-postre","11":"first","12":"instock","13":"shipping-taxable","14":"product-type-simple"},"acf":[],"_links":{"self":[{"href":"https:\/\/dalcin.com\/es\/wp-json\/wp\/v2\/product\/6257","targetHints":{"allow":["GET"]}}],"collection":[{"href":"https:\/\/dalcin.com\/es\/wp-json\/wp\/v2\/product"}],"about":[{"href":"https:\/\/dalcin.com\/es\/wp-json\/wp\/v2\/types\/product"}],"wp:featuredmedia":[{"embeddable":true,"href":"https:\/\/dalcin.com\/es\/wp-json\/wp\/v2\/media\/13578"}],"wp:attachment":[{"href":"https:\/\/dalcin.com\/es\/wp-json\/wp\/v2\/media?parent=6257"}],"wp:term":[{"taxonomy":"product_brand","embeddable":true,"href":"https:\/\/dalcin.com\/es\/wp-json\/wp\/v2\/product_brand?post=6257"},{"taxonomy":"product_cat","embeddable":true,"href":"https:\/\/dalcin.com\/es\/wp-json\/wp\/v2\/product_cat?post=6257"},{"taxonomy":"product_tag","embeddable":true,"href":"https:\/\/dalcin.com\/es\/wp-json\/wp\/v2\/product_tag?post=6257"}],"curies":[{"name":"wp","href":"https:\/\/api.w.org\/{rel}","templated":true}]}}