{"id":6260,"date":"2023-10-03T16:04:15","date_gmt":"2023-10-03T14:04:15","guid":{"rendered":"https:\/\/staging.dalcin.com\/prodotto\/lalvin-ra17\/"},"modified":"2024-06-19T12:58:57","modified_gmt":"2024-06-19T10:58:57","slug":"lalvin-ra17","status":"publish","type":"product","link":"https:\/\/dalcin.com\/es\/prodotto\/lalvin-ra17\/","title":{"rendered":"Lalvin RA17\u2122"},"content":{"rendered":"","protected":false},"excerpt":{"rendered":"<p>Afina las asperezas t\u00e1nicas realzando los aromas de la uva y los sabores de la fermentaci\u00f3n. Para vinos tintos j\u00f3venes y de media crianza, elegantes y perfumados.<\/p>\n","protected":false},"featured_media":13576,"template":"","meta":{"_acf_changed":false,"_seopress_robots_primary_cat":"none","_seopress_titles_title":"","_seopress_titles_desc":"","_seopress_robots_index":""},"product_brand":[],"product_cat":[164],"product_tag":[166,346],"class_list":{"0":"post-6260","1":"product","2":"type-product","3":"status-publish","4":"has-post-thumbnail","6":"product_cat-levaduras","7":"product_tag-vinos-rosados","8":"product_tag-vinos-tintos","10":"first","11":"instock","12":"shipping-taxable","13":"product-type-simple"},"acf":[],"_links":{"self":[{"href":"https:\/\/dalcin.com\/es\/wp-json\/wp\/v2\/product\/6260","targetHints":{"allow":["GET"]}}],"collection":[{"href":"https:\/\/dalcin.com\/es\/wp-json\/wp\/v2\/product"}],"about":[{"href":"https:\/\/dalcin.com\/es\/wp-json\/wp\/v2\/types\/product"}],"wp:featuredmedia":[{"embeddable":true,"href":"https:\/\/dalcin.com\/es\/wp-json\/wp\/v2\/media\/13576"}],"wp:attachment":[{"href":"https:\/\/dalcin.com\/es\/wp-json\/wp\/v2\/media?parent=6260"}],"wp:term":[{"taxonomy":"product_brand","embeddable":true,"href":"https:\/\/dalcin.com\/es\/wp-json\/wp\/v2\/product_brand?post=6260"},{"taxonomy":"product_cat","embeddable":true,"href":"https:\/\/dalcin.com\/es\/wp-json\/wp\/v2\/product_cat?post=6260"},{"taxonomy":"product_tag","embeddable":true,"href":"https:\/\/dalcin.com\/es\/wp-json\/wp\/v2\/product_tag?post=6260"}],"curies":[{"name":"wp","href":"https:\/\/api.w.org\/{rel}","templated":true}]}}