{"id":6269,"date":"2023-10-03T12:14:00","date_gmt":"2023-10-03T10:14:00","guid":{"rendered":"https:\/\/staging.dalcin.com\/prodotto\/lalvin-rodano-2056-yseo\/"},"modified":"2024-06-19T12:58:57","modified_gmt":"2024-06-19T10:58:57","slug":"lalvin-rodano-2056-yseo","status":"publish","type":"product","link":"https:\/\/dalcin.com\/es\/prodotto\/lalvin-rodano-2056-yseo\/","title":{"rendered":"Lalvin R\u00f3dano 2056 YSEO"},"content":{"rendered":"","protected":false},"excerpt":{"rendered":"<p>Alta expresi\u00f3n varietal para vinos blancos y tintos j\u00f3venes.<\/p>\n","protected":false},"featured_media":13588,"template":"","meta":{"_acf_changed":false,"_seopress_robots_primary_cat":"none","_seopress_titles_title":"","_seopress_titles_desc":"","_seopress_robots_index":""},"product_brand":[],"product_cat":[164],"product_tag":[165,166,346],"class_list":{"0":"post-6269","1":"product","2":"type-product","3":"status-publish","4":"has-post-thumbnail","6":"product_cat-levaduras","7":"product_tag-vinos-blancos","8":"product_tag-vinos-rosados","9":"product_tag-vinos-tintos","11":"first","12":"instock","13":"shipping-taxable","14":"product-type-simple"},"acf":[],"_links":{"self":[{"href":"https:\/\/dalcin.com\/es\/wp-json\/wp\/v2\/product\/6269","targetHints":{"allow":["GET"]}}],"collection":[{"href":"https:\/\/dalcin.com\/es\/wp-json\/wp\/v2\/product"}],"about":[{"href":"https:\/\/dalcin.com\/es\/wp-json\/wp\/v2\/types\/product"}],"wp:featuredmedia":[{"embeddable":true,"href":"https:\/\/dalcin.com\/es\/wp-json\/wp\/v2\/media\/13588"}],"wp:attachment":[{"href":"https:\/\/dalcin.com\/es\/wp-json\/wp\/v2\/media?parent=6269"}],"wp:term":[{"taxonomy":"product_brand","embeddable":true,"href":"https:\/\/dalcin.com\/es\/wp-json\/wp\/v2\/product_brand?post=6269"},{"taxonomy":"product_cat","embeddable":true,"href":"https:\/\/dalcin.com\/es\/wp-json\/wp\/v2\/product_cat?post=6269"},{"taxonomy":"product_tag","embeddable":true,"href":"https:\/\/dalcin.com\/es\/wp-json\/wp\/v2\/product_tag?post=6269"}],"curies":[{"name":"wp","href":"https:\/\/api.w.org\/{rel}","templated":true}]}}